{"id":810,"date":"2020-11-11T17:04:19","date_gmt":"2020-11-11T20:04:19","guid":{"rendered":"http:\/\/www.biosete.com.br\/site\/?page_id=810"},"modified":"2020-11-11T18:07:52","modified_gmt":"2020-11-11T21:07:52","slug":"campanha-de-verao","status":"publish","type":"page","link":"https:\/\/www.biosete.com.br\/site\/campanha-de-verao\/","title":{"rendered":"CAMPANHA DE VER\u00c3O"},"content":{"rendered":"<p><section class=\"kc-elm kc-css-696519 kc_row\"><div class=\"kc-row-container  kc-container\"><div class=\"kc-wrap-columns\"><div class=\"kc-elm kc-css-890525 kc_col-sm-11 kc_column kc_col-sm-11\"><div class=\"kc-col-container\"><div class=\"kc-elm kc-css-312460\" style=\"height: 20px; clear: both; width:100%;\"><\/div><div class=\"kc-elm kc-css-141131 kc_shortcode kc_single_image\">\n\n        <img decoding=\"async\" src=\"https:\/\/www.biosete.com.br\/site\/wp-content\/uploads\/2020\/11\/Banner-Home-Site-1024x553.jpg\" class=\"\" alt=\"\" \/>    <\/div>\n<\/div><\/div><div class=\"kc-elm kc-css-846797 kc_col-sm-1 kc_column kc_col-sm-1\"><div class=\"kc-col-container\"><\/div><\/div><\/div><\/div><\/section><section class=\"kc-elm kc-css-62939 kc_row\"><div class=\"kc-row-container  kc-container\"><div class=\"kc-wrap-columns\"><div class=\"kc-elm kc-css-903071 kc_col-sm-12 kc_column kc_col-sm-12\"><div class=\"kc-col-container\"><div class=\"kc-elm kc-css-655049\" style=\"height: 20px; clear: both; width:100%;\"><\/div><\/div><\/div><\/div><\/div><\/section><section class=\"kc-elm kc-css-338 kc_row\"><div class=\"kc-row-container  kc-container\"><div class=\"kc-wrap-columns\"><div class=\"kc-elm kc-css-722964 kc_col-sm-11 kc_column kc_col-sm-11\"><div class=\"kc-col-container\"><div class=\"kc-elm kc-css-995946 kc_text_block\"><\/p>\n<p>O que acha de chegar no ver\u00e3o com mais sa\u00fade, qualidade de vida e disposi\u00e7\u00e3o? Aqui no Instituto Biosete voc\u00ea consegue!<\/p>\n<\/p>\n<p>Nossa Campanha de Ver\u00e3o conta com diversos servi\u00e7os, que v\u00e3o de procedimentos est\u00e9ticos a dermatol\u00f3gicos, passando pela nutri\u00e7\u00e3o, todos com descontos imperd\u00edveis e o atendimento de excel\u00eancia que voc\u00ea j\u00e1 conhece.<\/p>\n<\/p>\n<p>Confira os pacotes abaixo e entre em contato com nosso atendimento para garantir o seu:<\/p>\n<p>\n<\/div><div class=\"kc-elm kc-css-907356\" style=\"height: 20px; clear: both; width:100%;\"><\/div><\/div><\/div><div class=\"kc-elm kc-css-541281 kc_col-sm-1 kc_column kc_col-sm-1\"><div class=\"kc-col-container\"><\/div><\/div><\/div><\/div><\/section><section class=\"kc-elm kc-css-487134 kc_row\"><div class=\"kc-row-container  kc-container\"><div class=\"kc-wrap-columns\"><div class=\"kc-elm kc-css-510608 kc_col-sm-5 kc_column kc_col-sm-5\"><div class=\"kc-col-container\"><div class=\"kc-elm kc-css-847170 kc_shortcode kc_single_image\">\n\n        <a rel=\"prettyPhoto\" class=\"kc-pretty-photo\" href=\"https:\/\/www.biosete.com.br\/site\/wp-content\/uploads\/2020\/11\/TVCorp-3.png\" title=\"\" target=\"\">\n        <img decoding=\"async\" src=\"https:\/\/www.biosete.com.br\/site\/wp-content\/uploads\/2020\/11\/TVCorp-3.png\" class=\"\" alt=\"\" \/><div class=\"kc-image-overlay\"><i class=\"fa-search-plus\"><\/i><\/div>    <\/a>\n    <\/div>\n<\/div><\/div><div class=\"kc-elm kc-css-148417 kc_col-sm-5 kc_column kc_col-sm-5\"><div class=\"kc-col-container\"><div class=\"kc-elm kc-css-147842 kc_shortcode kc_single_image\">\n\n        <a rel=\"prettyPhoto\" class=\"kc-pretty-photo\" href=\"https:\/\/www.biosete.com.br\/site\/wp-content\/uploads\/2020\/11\/TVCorp-4.png\" title=\"\" target=\"\">\n        <img decoding=\"async\" src=\"https:\/\/www.biosete.com.br\/site\/wp-content\/uploads\/2020\/11\/TVCorp-4.png\" class=\"\" alt=\"\" \/><div class=\"kc-image-overlay\"><i class=\"fa-search-plus\"><\/i><\/div>    <\/a>\n    <\/div>\n<\/div><\/div><div class=\"kc-elm kc-css-739922 kc_col-sm-1 kc_column kc_col-sm-1\"><div class=\"kc-col-container\"><\/div><\/div><\/div><\/div><\/section><section class=\"kc-elm kc-css-842131 kc_row\"><div class=\"kc-row-container  kc-container\"><div class=\"kc-wrap-columns\"><div class=\"kc-elm kc-css-846689 kc_col-sm-12 kc_column kc_col-sm-12\"><div class=\"kc-col-container\"><div class=\"kc-elm kc-css-93372\" style=\"height: 20px; clear: both; width:100%;\"><\/div><\/div><\/div><\/div><\/div><\/section><section class=\"kc-elm kc-css-536215 kc_row\"><div class=\"kc-row-container  kc-container\"><div class=\"kc-wrap-columns\"><div class=\"kc-elm kc-css-296778 kc_col-sm-11 kc_column kc_col-sm-11\"><div class=\"kc-col-container\"><div class=\"kc-elm kc-css-277298 kc_text_block\"><\/p>\n<p style=\"text-align: left;\">Para reservar seus hor\u00e1rios, entre em contato conosco atrav\u00e9s do telefone <strong>27 3026-0020, <\/strong>no chat box aqui do site,\u00a0ou em nosso\u00a0<strong><a href=\"http:\/\/api.whatsapp.com\/send?phone=552730260020\">Whatsapp<\/a>.<\/strong><\/p>\n<p>\n<\/div><\/div><\/div><div class=\"kc-elm kc-css-384037 kc_col-sm-1 kc_column kc_col-sm-1\"><div class=\"kc-col-container\"><\/div><\/div><\/div><\/div><\/section><\/p>\n","protected":false},"excerpt":{"rendered":"","protected":false},"author":1,"featured_media":0,"parent":0,"menu_order":0,"comment_status":"closed","ping_status":"closed","template":"","meta":{"two_page_speed":[],"footnotes":""},"class_list":["post-810","page","type-page","status-publish","hentry"],"_links":{"self":[{"href":"https:\/\/www.biosete.com.br\/site\/wp-json\/wp\/v2\/pages\/810"}],"collection":[{"href":"https:\/\/www.biosete.com.br\/site\/wp-json\/wp\/v2\/pages"}],"about":[{"href":"https:\/\/www.biosete.com.br\/site\/wp-json\/wp\/v2\/types\/page"}],"author":[{"embeddable":true,"href":"https:\/\/www.biosete.com.br\/site\/wp-json\/wp\/v2\/users\/1"}],"replies":[{"embeddable":true,"href":"https:\/\/www.biosete.com.br\/site\/wp-json\/wp\/v2\/comments?post=810"}],"version-history":[{"count":18,"href":"https:\/\/www.biosete.com.br\/site\/wp-json\/wp\/v2\/pages\/810\/revisions"}],"predecessor-version":[{"id":832,"href":"https:\/\/www.biosete.com.br\/site\/wp-json\/wp\/v2\/pages\/810\/revisions\/832"}],"wp:attachment":[{"href":"https:\/\/www.biosete.com.br\/site\/wp-json\/wp\/v2\/media?parent=810"}],"curies":[{"name":"wp","href":"https:\/\/api.w.org\/{rel}","templated":true}]}}