{"id":450,"date":"2019-01-29T10:33:06","date_gmt":"2019-01-29T12:33:06","guid":{"rendered":"http:\/\/www.biosete.com.br\/site\/?page_id=450"},"modified":"2025-05-26T10:45:59","modified_gmt":"2025-05-26T13:45:59","slug":"aqua-2","status":"publish","type":"page","link":"https:\/\/www.biosete.com.br\/site\/aqua-2\/","title":{"rendered":"ACQUA"},"content":{"rendered":"<p><section data-kc-fullwidth=\"row\" class=\"kc-elm kc-css-745047 kc_row\"><div class=\"kc-row-container  kc-container\"><div class=\"kc-wrap-columns\"><div class=\"kc-elm kc-css-105213 kc_col-sm-12 kc_column kc_col-sm-12\"><div class=\"kc-col-container\"><div class=\"kc-elm kc-css-714937\" style=\"height: 20px; clear: both; width:100%;\"><\/div>\n<div class=\"kc-elm kc-css-381770 kc-title-wrap \">\n\n\t<h3 class=\"kc_title\">AQUA<\/h3>\n<\/div>\n<div class=\"kc-elm kc-css-255286\" style=\"height: 20px; clear: both; width:100%;\"><\/div><\/div><\/div><\/div><\/div><\/section><section class=\"kc-elm kc-css-886555 kc_row\"><div class=\"kc-row-container  kc-container\"><div class=\"kc-wrap-columns\"><div class=\"kc-elm kc-css-844347 kc_col-sm-6 kc_column kc_col-sm-6\"><div class=\"kc-col-container\"><div class=\"kc-elm kc-css-605375\" style=\"height: 20px; clear: both; width:100%;\"><\/div><div class=\"kc-elm kc-css-751480 kc_shortcode kc_single_image\">\n\n        <img decoding=\"async\" src=\"https:\/\/www.biosete.com.br\/site\/wp-content\/uploads\/2019\/02\/aqua-01.png\" class=\"\" alt=\"\" \/>    <\/div>\n<\/div><\/div><div class=\"kc-elm kc-css-197669 kc_col-sm-6 kc_column kc_col-sm-6\"><div class=\"kc-col-container\"><div class=\"kc-elm kc-css-470359\" style=\"height: 20px; clear: both; width:100%;\"><\/div><div class=\"kc-elm kc-css-608749 kc_text_block\"><\/p>\n<p><span style=\"font-weight: 400\">Com uma ampla piscina coberta e profissionais especializados em atividades aqu\u00e1ticas, o Biosete ACQUA traz para todos os p\u00fablicos, de pessoas sedent\u00e1rias, acima do peso, idosos e at\u00e9 atletas de alta performance, atividades de baixo impacto realizadas na \u00e1gua. Com in\u00fameros benef\u00edcios, as modalidades aqu\u00e1ticas tratam diversas les\u00f5es, trauma ou s\u00edndrome, emagrecimento, fortalecimento muscular, ganho de mobilidade e flexibilidade e controle motor. Al\u00e9m disso, o Biosete possui uma das poucas piscinas indoor com \u00e1gua aquecida do Esp\u00edrito Santo, o que apresenta not\u00e1vel diferen\u00e7a no tratamento, ocasionando relaxamento muscular, bem-estar e diminui\u00e7\u00e3o de dores.<\/span><\/p>\n<p><strong style=\"font-style: inherit\">\u00c1reas de Atua\u00e7\u00e3o:<\/strong><\/p>\n<ul>\n<li style=\"font-weight: 400\"><span style=\"font-weight: 400\">Deep Water<\/span><\/li>\n<li style=\"font-weight: 400\"><span style=\"font-weight: 400\">Hidrogin\u00e1stica<\/span><\/li>\n<li style=\"font-weight: 400\"><span style=\"font-weight: 400\">Fisioterapia Aqu\u00e1tica<\/span><\/li>\n<\/ul>\n<p>\n<\/div>\n\t<div class=\"kc-elm kc-css-361464 kc_shortcode kc_video_play kc_video_wrapper\" data-video=\"https:\/\/www.youtube.com\/watch?v=clFUFs0qJI0\" data-width=\"600\" data-height=\"338.983050847\" data-fullwidth=\"\" data-autoplay=\"\" data-loop=\"yes\" data-control=\"yes\" data-related=\"\" data-showinfo=\"\" data-kc-video-mute=\"\">\n\t\t\t<\/div>\n\n<\/div><\/div><\/div><\/div><\/section><\/p>\n","protected":false},"excerpt":{"rendered":"","protected":false},"author":1,"featured_media":0,"parent":0,"menu_order":0,"comment_status":"closed","ping_status":"closed","template":"","meta":{"two_page_speed":{"previous_score":{"desktop_score":50,"desktop_tti":"6.1\u00a0","mobile_score":14.0000000000000017763568394002504646778106689453125,"mobile_tti":"29.0\u00a0","date":"25.10.2023 05:15:15 pm","status":"completed"},"current_score":{"desktop_score":95,"desktop_tti":"1.4\u00a0","mobile_score":82,"mobile_tti":"2.4\u00a0","date":"26.05.2025 10:46:36 am","status":"completed"}},"footnotes":""},"class_list":["post-450","page","type-page","status-publish","hentry"],"_links":{"self":[{"href":"https:\/\/www.biosete.com.br\/site\/wp-json\/wp\/v2\/pages\/450"}],"collection":[{"href":"https:\/\/www.biosete.com.br\/site\/wp-json\/wp\/v2\/pages"}],"about":[{"href":"https:\/\/www.biosete.com.br\/site\/wp-json\/wp\/v2\/types\/page"}],"author":[{"embeddable":true,"href":"https:\/\/www.biosete.com.br\/site\/wp-json\/wp\/v2\/users\/1"}],"replies":[{"embeddable":true,"href":"https:\/\/www.biosete.com.br\/site\/wp-json\/wp\/v2\/comments?post=450"}],"version-history":[{"count":10,"href":"https:\/\/www.biosete.com.br\/site\/wp-json\/wp\/v2\/pages\/450\/revisions"}],"predecessor-version":[{"id":1361,"href":"https:\/\/www.biosete.com.br\/site\/wp-json\/wp\/v2\/pages\/450\/revisions\/1361"}],"wp:attachment":[{"href":"https:\/\/www.biosete.com.br\/site\/wp-json\/wp\/v2\/media?parent=450"}],"curies":[{"name":"wp","href":"https:\/\/api.w.org\/{rel}","templated":true}]}}