{"id":24,"date":"2018-10-04T21:37:18","date_gmt":"2018-10-05T00:37:18","guid":{"rendered":"http:\/\/www.biosete.com.br\/site\/?page_id=24"},"modified":"2024-03-01T15:14:36","modified_gmt":"2024-03-01T18:14:36","slug":"equipe","status":"publish","type":"page","link":"https:\/\/www.biosete.com.br\/site\/equipe\/","title":{"rendered":"Equipe"},"content":{"rendered":"<p><section data-kc-fullwidth=\"row\" class=\"kc-elm kc-css-813164 kc_row\"><div class=\"kc-row-container  kc-container\"><div class=\"kc-wrap-columns\"><div class=\"kc-elm kc-css-68762 kc_col-sm-12 kc_column kc_col-sm-12\"><div class=\"kc-col-container\"><div class=\"kc-elm kc-css-904191\" style=\"height: 20px; clear: both; width:100%;\"><\/div>\n<div class=\"kc-elm kc-css-317573 kc-title-wrap \">\n\n\t<h3 class=\"kc_title\">EQUIPE<\/h3>\n<\/div>\n<div class=\"kc-elm kc-css-849340\" style=\"height: 20px; clear: both; width:100%;\"><\/div><\/div><\/div><\/div><\/div><\/section><section class=\"kc-elm kc-css-67102 kc_row\"><div class=\"kc-row-container  kc-container\"><div class=\"kc-wrap-columns\"><div class=\"kc-elm kc-css-682668 kc_col-sm-12 kc_column kc_col-sm-12\"><div class=\"kc-col-container\"><div class=\"kc-elm kc-css-260191 kc_shortcode kc_single_image\">\n\n        <img decoding=\"async\" src=\"https:\/\/www.biosete.com.br\/site\/wp-content\/uploads\/2018\/11\/equipe-1.jpg\" class=\"\" alt=\"\" \/>    <\/div>\n<\/div><\/div><\/div><\/div><\/section><section class=\"kc-elm kc-css-83694 kc_row\"><div class=\"kc-row-container  kc-container\"><div class=\"kc-wrap-columns\"><div class=\"kc-elm kc-css-573536 kc_col-sm-12 kc_column kc_col-sm-12\"><div class=\"kc-col-container\"><div class=\"kc-elm kc-css-148578\" style=\"height: 20px; clear: both; width:100%;\"><\/div><\/div><\/div><\/div><\/div><\/section><section class=\"kc-elm kc-css-484399 kc_row\"><div class=\"kc-row-container  kc-container\"><div class=\"kc-wrap-columns\"><div class=\"kc-elm kc-css-572517 kc_col-sm-6 kc_column kc_col-sm-6\"><div class=\"kc-col-container\"><div class=\"kc-elm kc-css-77239\" style=\"height: 20px; clear: both; width:100%;\"><\/div><div class=\"kc-elm kc-css-62756 kc_shortcode kc_single_image\">\n\n        <img decoding=\"async\" src=\"https:\/\/www.biosete.com.br\/site\/wp-content\/uploads\/2018\/12\/bt_fit-156x48xc.png\" class=\"\" alt=\"\" \/>    <\/div>\n<div class=\"kc-elm kc-css-738883\" style=\"height: 20px; clear: both; width:100%;\"><\/div><div class=\"kc-elm kc-css-613980 kc_text_block\"><\/p>\n<p>\n<span style=\"font-weight: 400;\">Estev\u00e3o Henrique Loss\u00a0 |\u00a0 MUSCULA\u00c7\u00c3O PRIME E PERSONAL<\/span><\/p>\n<p>Michell Vetoraci Viana\u00a0 |\u00a0 <span style=\"font-weight: 400;\">MUSCULA\u00c7\u00c3O PERSONAL<\/span><\/p>\n<p>Pl\u00e1cido Andrade de Souza\u00a0 |\u00a0 MUSCULA\u00c7\u00c3O PRIME E PERSONAL<\/p>\n<p>Rafael de Souza Iyama\u00a0 |\u00a0 MUSCULA\u00c7\u00c3O PRIME E PERSONAL<\/p>\n<p>\n<\/div><div class=\"kc-elm kc-css-137459\" style=\"height: 20px; clear: both; width:100%;\"><\/div><div class=\"kc-elm kc-css-812542\" style=\"height: 20px; clear: both; width:100%;\"><\/div><div class=\"kc-elm kc-css-299581 kc_shortcode kc_single_image\">\n\n        <img decoding=\"async\" src=\"https:\/\/www.biosete.com.br\/site\/wp-content\/uploads\/2022\/05\/BIOSETE_Logotipo_Cl\u00ednicas-e1653080046406-156x48xc.png\" class=\"\" alt=\"\" \/>    <\/div>\n<div class=\"kc-elm kc-css-579584\" style=\"height: 20px; clear: both; width:100%;\"><\/div><div class=\"kc-elm kc-css-592703 kc_text_block\"><\/p>\n<p><span style=\"font-weight: 400;\"><span data-sheets-value=\"{\" data-sheets-userformat=\"{\">Ana Paula Klein Dias<\/span>\u00a0 |\u00a0\u00a0<\/span><span style=\"font-weight: 400;\"><span data-sheets-value=\"{\" data-sheets-userformat=\"{\">REUMATOLOGIA<\/span><\/span><\/p>\n<p>Andr\u00e9 Bortolon Bissoli\u00a0 |\u00a0 V\u00c9RTICE SA\u00daDE INTEGRADA &#8211; NEUROCIRURGIA<\/p>\n<p><span style=\"font-weight: 400;\"><span data-sheets-value=\"{\" data-sheets-userformat=\"{\">Andre Luiz Pellacani Fran\u00e7a\u00a0<\/span> |\u00a0 <span data-sheets-value=\"{\" data-sheets-userformat=\"{\">ORTOPEDIA &#8211; QUADRIL E OSTEOMETABOLISMO<\/span><\/span><\/p>\n<p><span style=\"font-weight: 400;\">Fab\u00edolla Santos Miranda \u00a0|\u00a0 <\/span><span style=\"font-weight: 400;\">FISIOTERAPIA DERMATOFUNCIONAL<\/span><\/p>\n<p>Jannini Valli | ENDOCRINOLOGISTA<\/p>\n<p><span data-sheets-value=\"{\" data-sheets-userformat=\"{\">Mariana Corr\u00eaa de Almeida Azevedo\u00a0 |\u00a0\u00a0GRUPO NUTRICIONAL &#8211; NUTRI\u00c7\u00c3O CL\u00cdNICA E EST\u00c9TICA<\/span><\/p>\n<p><span data-sheets-value=\"{\" data-sheets-userformat=\"{\">Tatiana da Silva Duarte de Oliveira<\/span>\u00a0 | ARTETERAPIA<\/p>\n<p><span data-sheets-value=\"{\" data-sheets-userformat=\"{\">Thiago Cardoso Maia\u00a0 |\u00a0\u00a0ORTOPEDIA &#8211; COLUNA E DOR CR\u00d4NICA<\/span><\/p>\n<p><span data-sheets-value=\"{\" data-sheets-userformat=\"{\">Thiara Barcelos Rocha\u00a0 |\u00a0\u00a0GASTROENTEROLOGISTA<\/span><\/p>\n<p>\n<\/div><\/div><\/div><div class=\"kc-elm kc-css-169086 kc_col-sm-6 kc_column kc_col-sm-6\"><div class=\"kc-col-container\"><div class=\"kc-elm kc-css-19031\" style=\"height: 20px; clear: both; width:100%;\"><\/div><div class=\"kc-elm kc-css-914442 kc_shortcode kc_single_image\">\n\n        <img decoding=\"async\" src=\"https:\/\/www.biosete.com.br\/site\/wp-content\/uploads\/2018\/12\/bt_neuro-156x48xc.png\" class=\"\" alt=\"\" \/>    <\/div>\n<div class=\"kc-elm kc-css-627554\" style=\"height: 20px; clear: both; width:100%;\"><\/div><div class=\"kc-elm kc-css-143250 kc_text_block\"><\/p>\n<p>Aliny Bravin \u00a0|\u00a0 FISIOTERAPIA NEUROFUNCIONAL<\/p>\n<p><span style=\"font-style: inherit;\">Andre\u00e7a Pereira Sampaio \u00a0|\u00a0\u00a0<\/span><span style=\"font-style: inherit;\">FISIOTERAPIA NEUROFUNCIONAL<\/span><\/p>\n<p>Ariany Bermond Rabelo\u00a0 |\u00a0 FISIOTERAPIA NEUROFUNCIONAL<\/p>\n<p><span style=\"font-weight: 400;\">Lucas Brino Mota\u00a0 |\u00a0\u00a0<\/span><span style=\"font-weight: 400;\">FISIOTERAPIA NEUROFUNCIONAL<\/span><\/p>\n<p>Ramon da Silva Pereira\u00a0 |\u00a0 MUSCULA\u00c7\u00c3O TERAP\u00caUTICA E FISIOTERAPIA NEUROFUNCIONAL<\/p>\n<p><span style=\"font-style: inherit;\">Suellen Senna De Matos \u00a0|\u00a0\u00a0<span style=\"font-weight: 400;\">FISIOTERAPIA NEUROFUNCIONAL E\u00a0<\/span><\/span><span style=\"font-style: inherit;\">TERAPIA OCUPACIONAL<\/span><\/p>\n<p>Tatiana Brilhante\u00a0 |\u00a0 FISIOTERAPIA NEUROPEDI\u00c1TRICA<\/p>\n<p>\n<\/div><div class=\"kc-elm kc-css-288445\" style=\"height: 20px; clear: both; width:100%;\"><\/div><div class=\"kc-elm kc-css-482053\" style=\"height: 20px; clear: both; width:100%;\"><\/div><div class=\"kc-elm kc-css-138279 kc_shortcode kc_single_image\">\n\n        <img decoding=\"async\" src=\"https:\/\/www.biosete.com.br\/site\/wp-content\/uploads\/2018\/12\/bt_fisio-156x48xc.png\" class=\"\" alt=\"\" \/>    <\/div>\n<div class=\"kc-elm kc-css-842933\" style=\"height: 20px; clear: both; width:100%;\"><\/div><div class=\"kc-elm kc-css-946149 kc_text_block\"><\/p>\n<p>Cintya Maria de Carvalho Bernardes Gon\u00e7alves\u00a0 |\u00a0 PILATES TERAP\u00caUTICO<\/p>\n<p><span style=\"font-weight: 400;\">Fernanda Botecchia Fonseca \u00a0|\u00a0\u00a0<\/span><span style=\"font-weight: 400;\">PILATES TERAP\u00caUTICO<\/span><\/p>\n<p><span style=\"font-weight: 400;\">Franciane Rodrigues Gomes de Souza \u00a0|\u00a0\u00a0<\/span><span style=\"font-weight: 400;\">PILATES TERAP\u00caUTICO<\/span><\/p>\n<p>Gabriela Vigorito Magalh\u00e3es | PILATES E MUSCULA\u00c7\u00c3O TERAP\u00caUTICA<\/p>\n<p>Mariana Pereira | TRIAGEM E AVALIA\u00c7\u00c3O TERAP\u00caUTICA<\/p>\n<p><span style=\"font-weight: 400;\">Pablo Dias Pompermayer \u00a0| <\/span><span style=\"font-weight: 400;\">\u00a0FISIOTERAPIA PRIME<\/span><\/p>\n<p>Rafaela Guio Suzana | PILATES E MUSCULA\u00c7\u00c3O TERAP\u00caUTICA<\/p>\n<p>Tatiana Gomes | PILATES E MUSCULA\u00c7\u00c3O TERAP\u00caUTICA<\/p>\n<p>\n<\/div><div class=\"kc-elm kc-css-295095\" style=\"height: 20px; clear: both; width:100%;\"><\/div><div class=\"kc-elm kc-css-940900\" style=\"height: 20px; clear: both; width:100%;\"><\/div><div class=\"kc-elm kc-css-56681 kc_shortcode kc_single_image\">\n\n        <img decoding=\"async\" src=\"https:\/\/www.biosete.com.br\/site\/wp-content\/uploads\/2018\/12\/bt_acqua-156x48xc.png\" class=\"\" alt=\"\" \/>    <\/div>\n<div class=\"kc-elm kc-css-58892\" style=\"height: 20px; clear: both; width:100%;\"><\/div><div class=\"kc-elm kc-css-627350 kc_text_block\"><\/p>\n<p>Elaine Cristina da Silva Neto \u00a0|\u00a0 <span style=\"font-weight: 400;\">DEEP WATER \/ HIDROGIN\u00c1STICA PRIME E PROMO<\/span><\/p>\n<p><span style=\"font-weight: 400;\">Merari Candido Borges \u00a0| <\/span><span style=\"font-weight: 400;\">\u00a0<\/span><span style=\"font-weight: 400;\">HIDROTERAPIA MUSCULOESQUEL\u00c9TICA E NEUROL\u00d3GICA<\/span><\/p>\n<p>\n<\/div><div class=\"kc-elm kc-css-8162\" style=\"height: 20px; clear: both; width:100%;\"><\/div><div class=\"kc-elm kc-css-75939\" style=\"height: 20px; clear: both; width:100%;\"><\/div><div class=\"kc-elm kc-css-453743 kc_text_block\"><\/p>\n<h3><strong>CONSELHO E DIRETORIA<\/strong><\/h3>\n<p><b>Arthur Campos<\/b> \u00a0| \u00a0<a href=\"https:\/\/www.linkedin.com\/in\/camposarthur\/ \">DIRETOR ADMINISTRATIVO <i class=\"fab fa-linkedin-square\"><\/i><\/a><\/p>\n<p><b>Thiago Maia<\/b> \u00a0|\u00a0 <a href=\"https:\/\/www.linkedin.com\/in\/thiago-maia-945b5867 \">DIRETOR EXECUTIVO <i class=\"fab fa-linkedin-square\"><\/i><\/a><\/p>\n<p><b>Pablo Pompermayer<\/b> \u00a0| \u00a0<a href=\"HTTPS:\/\/www.linkedin.com\/in\/pablo-pompermayer-6a352a176\">SUPERVISOR FISIOTERAPIA <i class=\"fab fa-linkedin-square\"><\/i><\/a><\/p>\n<p><strong>Est\u00eav\u00e3o Loss<\/strong> | SUPERVISOR EDUCA\u00c7\u00c3O F\u00cdSICA <i class=\"fab fa-linkedin-square\"><\/i><\/p>\n<p>\n<\/div><\/div><\/div><\/div><\/div><\/section><section class=\"kc-elm kc-css-951468 kc_row\"><div class=\"kc-row-container  kc-container\"><div class=\"kc-wrap-columns\"><div class=\"kc-elm kc-css-693638 kc_col-sm-12 kc_column kc_col-sm-12\"><div class=\"kc-col-container\"><\/div><\/div><\/div><\/div><\/section><\/p>\n","protected":false},"excerpt":{"rendered":"","protected":false},"author":1,"featured_media":0,"parent":0,"menu_order":0,"comment_status":"closed","ping_status":"closed","template":"","meta":{"two_page_speed":[],"footnotes":""},"class_list":["post-24","page","type-page","status-publish","hentry"],"_links":{"self":[{"href":"https:\/\/www.biosete.com.br\/site\/wp-json\/wp\/v2\/pages\/24"}],"collection":[{"href":"https:\/\/www.biosete.com.br\/site\/wp-json\/wp\/v2\/pages"}],"about":[{"href":"https:\/\/www.biosete.com.br\/site\/wp-json\/wp\/v2\/types\/page"}],"author":[{"embeddable":true,"href":"https:\/\/www.biosete.com.br\/site\/wp-json\/wp\/v2\/users\/1"}],"replies":[{"embeddable":true,"href":"https:\/\/www.biosete.com.br\/site\/wp-json\/wp\/v2\/comments?post=24"}],"version-history":[{"count":117,"href":"https:\/\/www.biosete.com.br\/site\/wp-json\/wp\/v2\/pages\/24\/revisions"}],"predecessor-version":[{"id":1379,"href":"https:\/\/www.biosete.com.br\/site\/wp-json\/wp\/v2\/pages\/24\/revisions\/1379"}],"wp:attachment":[{"href":"https:\/\/www.biosete.com.br\/site\/wp-json\/wp\/v2\/media?parent=24"}],"curies":[{"name":"wp","href":"https:\/\/api.w.org\/{rel}","templated":true}]}}