{"id":232,"date":"2018-11-05T19:50:43","date_gmt":"2018-11-05T21:50:43","guid":{"rendered":"http:\/\/www.biosete.com.br\/site\/?page_id=232"},"modified":"2024-03-01T15:28:03","modified_gmt":"2024-03-01T18:28:03","slug":"fit","status":"publish","type":"page","link":"https:\/\/www.biosete.com.br\/site\/fit\/","title":{"rendered":"Fit"},"content":{"rendered":"<p><section data-kc-fullwidth=\"row\" class=\"kc-elm kc-css-46846 kc_row\"><div class=\"kc-row-container  kc-container\"><div class=\"kc-wrap-columns\"><div class=\"kc-elm kc-css-275867 kc_col-sm-12 kc_column kc_col-sm-12\"><div class=\"kc-col-container\"><div class=\"kc-elm kc-css-689503\" style=\"height: 20px; clear: both; width:100%;\"><\/div>\n<div class=\"kc-elm kc-css-445585 kc-title-wrap \">\n\n\t<h3 class=\"kc_title\">FIT<\/h3>\n<\/div>\n<div class=\"kc-elm kc-css-579560\" style=\"height: 20px; clear: both; width:100%;\"><\/div><\/div><\/div><\/div><\/div><\/section><section class=\"kc-elm kc-css-162278 kc_row\"><div class=\"kc-row-container  kc-container\"><div class=\"kc-wrap-columns\"><div class=\"kc-elm kc-css-506375 kc_col-sm-6 kc_column kc_col-sm-6\"><div class=\"kc-col-container\"><div class=\"kc-elm kc-css-689426 kc_shortcode kc_single_image\">\n\n        <img decoding=\"async\" src=\"https:\/\/www.biosete.com.br\/site\/wp-content\/uploads\/2018\/11\/fit.jpg\" class=\"\" alt=\"\" \/>    <\/div>\n<div class=\"kc-elm kc-css-593849\" style=\"height: 10px; clear: both; width:100%;\"><\/div><\/div><\/div><div class=\"kc-elm kc-css-317763 kc_col-sm-6 kc_column kc_col-sm-6\"><div class=\"kc-col-container\"><div class=\"kc-elm kc-css-161714\" style=\"height: 20px; clear: both; width:100%;\"><\/div><div class=\"kc-elm kc-css-608744 kc_text_block\"><\/p>\n<p>\nConcebida do ideal de que o exerc\u00edcio f\u00edsico deve estar sempre alinhado com o bem-estar e com a qualidade de vida, o Biosete Fit preconiza a qualidade, seguran\u00e7a e embasamento te\u00f3rico para que o cliente obtenha os melhores e mais duradouros resultados f\u00edsicos.<\/p>\n<p>O elevado padr\u00e3o de qualidade da infraestrutura, com os melhores equipamentos do mercado, e da equipe, com integrantes formados e especializados, tornou a Muscula\u00e7\u00e3o Terap\u00eautica do Instituto Biosete uma grande refer\u00eancia no estado do Esp\u00edrito Santo.<\/p>\n<p>O Biosete Fit ainda conta com um espa\u00e7o dedicado exclusivamente ao Treinamento Funcional. As modalidades do Funcional se completam entre si, ao mesmo tempo que oferecem uma gama de op\u00e7\u00f5es para os mais diversos perfis de pessoas e objetivos, podendo ser praticadas por jovens, adultos, atletas e at\u00e9 mesmo idosos. As atividades funcionais trabalham todas as capacidades motoras e desenvolvem toda musculatura. Por exigirem estabiliza\u00e7\u00e3o e concentra\u00e7\u00e3o, todo corpo \u00e9 acionado em apenas um exerc\u00edcio. Este tipo de treinamento, aplicado pelo time de profissionais do Biosete, pode tornar as atividades di\u00e1rias mais f\u00e1ceis, reduzindo o risco de les\u00f5es e melhorando a qualidade de vida do indiv\u00edduo.<\/p>\n<p>Al\u00e9m disso, o Biosete Fit tem como seu grande diferencial o atendimento mesclado de profissionais da Educa\u00e7\u00e3o F\u00edsica e da Fisioterapia, proporcionando aten\u00e7\u00f5es especiais e personalizadas \u00e0s individualidades de cada aluno.<\/p>\n<p><strong>\u00c1reas de atua\u00e7\u00e3o:<\/strong><\/p>\n<p><strong>Muscula\u00e7\u00e3o Terap\u00eautica<\/strong><\/p>\n<ul>\n<li>A muscula\u00e7\u00e3o terap\u00eautica \u00e9 uma modalidade adaptada para a presen\u00e7a de doen\u00e7as, les\u00f5es e situa\u00e7\u00f5es de fragilidade. \u00c9 uma atividade supervisionada e orientada por um fisioterapeuta e o atendimento pode ser personalizado, de acordo com a necessidade do paciente.<\/li>\n<\/ul>\n<p><strong><span style=\"box-sizing: border-box;\">Muscula\u00e7\u00e3o Prime<\/span><\/strong><\/p>\n<ul>\n<li>Mais do que te oferecer incentivo, o papel do personal trainer envolve sua seguran\u00e7a, comodidade, gest\u00e3o de tempo e, principalmente, estimular a disciplina durante o treino. Nesta modalidade, voc\u00ea contar\u00e1 com um educador f\u00edsico do Biosete FIT para a montagem do programa de treinos e avalia\u00e7\u00e3o de performance individual.<\/li>\n<\/ul>\n<p><strong><span style=\"box-sizing: border-box;\">Deep Water<\/span><\/strong><\/p>\n<ul>\n<li>\u00c9 uma atividade feita inteiramente dentro de uma piscina aquecida e adaptada para essa pr\u00e1tica. Com a ajuda de um colete e outros acess\u00f3rios, o aluno se mant\u00e9m em constante flutua\u00e7\u00e3o enquanto pratica os exerc\u00edcios e deslocamentos. Com zero de impacto, o Deep Water pode auxiliar na recupera\u00e7\u00e3o de les\u00f5es, bem como perda de calorias e melhorias no seu metabolismo.<\/li>\n<\/ul>\n<ul>\n<\/ul>\n<p>\n<\/div>\n\t<div class=\"kc-elm kc-css-651931 kc_shortcode kc_video_play kc_video_wrapper\" data-video=\"https:\/\/www.youtube.com\/watch?v=5udo3SK0n2o\" data-width=\"600\" data-height=\"338.983050847\" data-fullwidth=\"\" data-autoplay=\"\" data-loop=\"yes\" data-control=\"yes\" data-related=\"\" data-showinfo=\"\" data-kc-video-mute=\"\">\n\t\t\t<\/div>\n\n<\/div><\/div><\/div><\/div><\/section><\/p>\n","protected":false},"excerpt":{"rendered":"","protected":false},"author":1,"featured_media":0,"parent":0,"menu_order":0,"comment_status":"closed","ping_status":"closed","template":"","meta":{"two_page_speed":[],"footnotes":""},"class_list":["post-232","page","type-page","status-publish","hentry"],"_links":{"self":[{"href":"https:\/\/www.biosete.com.br\/site\/wp-json\/wp\/v2\/pages\/232"}],"collection":[{"href":"https:\/\/www.biosete.com.br\/site\/wp-json\/wp\/v2\/pages"}],"about":[{"href":"https:\/\/www.biosete.com.br\/site\/wp-json\/wp\/v2\/types\/page"}],"author":[{"embeddable":true,"href":"https:\/\/www.biosete.com.br\/site\/wp-json\/wp\/v2\/users\/1"}],"replies":[{"embeddable":true,"href":"https:\/\/www.biosete.com.br\/site\/wp-json\/wp\/v2\/comments?post=232"}],"version-history":[{"count":19,"href":"https:\/\/www.biosete.com.br\/site\/wp-json\/wp\/v2\/pages\/232\/revisions"}],"predecessor-version":[{"id":1380,"href":"https:\/\/www.biosete.com.br\/site\/wp-json\/wp\/v2\/pages\/232\/revisions\/1380"}],"wp:attachment":[{"href":"https:\/\/www.biosete.com.br\/site\/wp-json\/wp\/v2\/media?parent=232"}],"curies":[{"name":"wp","href":"https:\/\/api.w.org\/{rel}","templated":true}]}}