{"id":227,"date":"2018-11-05T19:48:47","date_gmt":"2018-11-05T21:48:47","guid":{"rendered":"http:\/\/www.biosete.com.br\/site\/?page_id=227"},"modified":"2021-04-01T15:49:49","modified_gmt":"2021-04-01T18:49:49","slug":"fisio","status":"publish","type":"page","link":"https:\/\/www.biosete.com.br\/site\/fisio\/","title":{"rendered":"FISIO"},"content":{"rendered":"<p><section data-kc-fullwidth=\"row\" class=\"kc-elm kc-css-113876 kc_row\"><div class=\"kc-row-container  kc-container\"><div class=\"kc-wrap-columns\"><div class=\"kc-elm kc-css-462768 kc_col-sm-12 kc_column kc_col-sm-12\"><div class=\"kc-col-container\"><div class=\"kc-elm kc-css-191350\" style=\"height: 20px; clear: both; width:100%;\"><\/div>\n<div class=\"kc-elm kc-css-583339 kc-title-wrap \">\n\n\t<h3 class=\"kc_title\">FISIO<\/h3>\n<\/div>\n<div class=\"kc-elm kc-css-398200\" style=\"height: 20px; clear: both; width:100%;\"><\/div><\/div><\/div><\/div><\/div><\/section><section class=\"kc-elm kc-css-137159 kc_row\"><div class=\"kc-row-container  kc-container\"><div class=\"kc-wrap-columns\"><div class=\"kc-elm kc-css-337811 kc_col-sm-12 kc_column kc_col-sm-12\"><div class=\"kc-col-container\"><\/div><\/div><\/div><\/div><\/section><section class=\"kc-elm kc-css-972966 kc_row\"><div class=\"kc-row-container  kc-container\"><div class=\"kc-wrap-columns\"><div class=\"kc-elm kc-css-454314 kc_col-sm-5 kc_column kc_col-sm-5\"><div class=\"kc-col-container\"><div class=\"kc-elm kc-css-620457 kc_shortcode kc_single_image\">\n\n        <img decoding=\"async\" src=\"https:\/\/www.biosete.com.br\/site\/wp-content\/uploads\/2018\/11\/fisio.jpg\" class=\"\" alt=\"\" \/>    <\/div>\n<\/div><\/div><div class=\"kc-elm kc-css-230293 kc_col-sm-7 kc_column kc_col-sm-7\"><div class=\"kc-col-container\"><div class=\"kc-elm kc-css-574066\" style=\"height: 20px; clear: both; width:100%;\"><\/div><div class=\"kc-elm kc-css-449058 kc_text_block\"><\/p>\n<p>Uma ampla gama de modalidades que abrangem diversas \u00e1reas do tratamento fisioterap\u00eautico, atuando da preven\u00e7\u00e3o ao tratamento, desde procedimentos mais simples at\u00e9 \u00e0s t\u00e9cnicas mais modernas e atuais, proporcionando aos nossos clientes a aten\u00e7\u00e3o completa a cada necessidade espec\u00edfica.<\/p>\n<p>O Biosete FISIO se compromete em oferecer todo o conforto, respeito e agilidade nos tratamentos realizados, atrav\u00e9s uma estrutura completa para atendimento e uma equipe de profissionais altamente qualificados.<\/p>\n<p>Nossa maior meta \u00e9 a qualidade de vida de nossos pacientes.<\/p>\n<p><strong style=\"font-style: inherit;\">\u00c1reas de atua\u00e7\u00e3o:<\/strong><\/p>\n<ul>\n<li>Fisioterapia Esportiva<\/li>\n<li>Fisioterapia Geri\u00e1trica<\/li>\n<li>Fisioterapia Musculoesquel\u00e9tica<\/li>\n<li>Fisioterapia Oncol\u00f3gica<\/li>\n<li>Acupuntura<\/li>\n<li>Auriculoterapia<\/li>\n<li>Osteopatia<\/li>\n<li>RPG<\/li>\n<li>Terapia Manual<\/li>\n<li>Pilates<\/li>\n<\/ul>\n<p>\n<\/div>\n\t<div class=\"kc-elm kc-css-931029 kc_shortcode kc_video_play kc_video_wrapper\" data-video=\"https:\/\/www.youtube.com\/watch?v=FFtq6FpEKTA\" data-width=\"600\" data-height=\"338.983050847\" data-fullwidth=\"\" data-autoplay=\"\" data-loop=\"yes\" data-control=\"yes\" data-related=\"\" data-showinfo=\"\" data-kc-video-mute=\"\">\n\t\t\t<\/div>\n\n<\/div><\/div><\/div><\/div><\/section><\/p>\n","protected":false},"excerpt":{"rendered":"","protected":false},"author":1,"featured_media":0,"parent":0,"menu_order":0,"comment_status":"closed","ping_status":"closed","template":"","meta":{"two_page_speed":[],"footnotes":""},"class_list":["post-227","page","type-page","status-publish","hentry"],"_links":{"self":[{"href":"https:\/\/www.biosete.com.br\/site\/wp-json\/wp\/v2\/pages\/227"}],"collection":[{"href":"https:\/\/www.biosete.com.br\/site\/wp-json\/wp\/v2\/pages"}],"about":[{"href":"https:\/\/www.biosete.com.br\/site\/wp-json\/wp\/v2\/types\/page"}],"author":[{"embeddable":true,"href":"https:\/\/www.biosete.com.br\/site\/wp-json\/wp\/v2\/users\/1"}],"replies":[{"embeddable":true,"href":"https:\/\/www.biosete.com.br\/site\/wp-json\/wp\/v2\/comments?post=227"}],"version-history":[{"count":16,"href":"https:\/\/www.biosete.com.br\/site\/wp-json\/wp\/v2\/pages\/227\/revisions"}],"predecessor-version":[{"id":888,"href":"https:\/\/www.biosete.com.br\/site\/wp-json\/wp\/v2\/pages\/227\/revisions\/888"}],"wp:attachment":[{"href":"https:\/\/www.biosete.com.br\/site\/wp-json\/wp\/v2\/media?parent=227"}],"curies":[{"name":"wp","href":"https:\/\/api.w.org\/{rel}","templated":true}]}}