{"id":18,"date":"2018-10-04T21:05:45","date_gmt":"2018-10-05T00:05:45","guid":{"rendered":"http:\/\/www.biosete.com.br\/site\/?page_id=18"},"modified":"2020-08-20T17:56:21","modified_gmt":"2020-08-20T20:56:21","slug":"o-instituto","status":"publish","type":"page","link":"https:\/\/www.biosete.com.br\/site\/o-instituto\/","title":{"rendered":"O Instituto"},"content":{"rendered":"<p><section data-kc-fullwidth=\"row\" class=\"kc-elm kc-css-509404 kc_row\"><div class=\"kc-row-container  kc-container\"><div class=\"kc-wrap-columns\"><div class=\"kc-elm kc-css-441877 kc_col-sm-12 kc_column kc_col-sm-12\"><div class=\"kc-col-container\"><div class=\"kc-elm kc-css-504484\" style=\"height: 20px; clear: both; width:100%;\"><\/div>\n<div class=\"kc-elm kc-css-473952 kc-title-wrap \">\n\n\t<h3 class=\"kc_title\">O INSTITUTO<\/h3>\n<\/div>\n<div class=\"kc-elm kc-css-617102\" style=\"height: 20px; clear: both; width:100%;\"><\/div><\/div><\/div><\/div><\/div><\/section><section class=\"kc-elm kc-css-113065 kc_row\"><div class=\"kc-row-container  kc-container\"><div class=\"kc-wrap-columns\"><div class=\"kc-elm kc-css-92460 kc_col-sm-12 kc_column kc_col-sm-12\"><div class=\"kc-col-container\"><div class=\"kc-elm kc-css-529871\" style=\"height: 20px; clear: both; width:100%;\"><\/div><\/div><\/div><\/div><\/div><\/section><section class=\"kc-elm kc-css-611138 kc_row\"><div class=\"kc-row-container  kc-container\"><div class=\"kc-wrap-columns\"><div class=\"kc-elm kc-css-200568 kc_col-sm-7 kc_column kc_col-sm-7\"><div class=\"kc-col-container\"><div class=\"kc-elm kc-css-633278 kc_text_block\"><\/p>\n<p class=\"p1\"><span class=\"s1\">Criado com a inten\u00e7\u00e3o<\/span><span style=\"font-weight: 400;\">\u00a0de ser refer\u00eancia em aten\u00e7\u00e3o completa \u00e0 sa\u00fade, o INSTITUTO BIOSETE possui uma estrutura multidisciplinar capaz de<\/span><span style=\"font-weight: 400;\"> proporcionar reabilita\u00e7\u00e3o, sa\u00fade e bem-estar, atrav\u00e9s de uma equipe especialmente capacitada, um atendimento humanizado, em um ambiente inovador e personalizado.<\/span><\/p>\n<p><span style=\"font-weight: 400;\">O INSTITUTO BIOSETE possui em seu DNA a constante busca pela transforma\u00e7\u00e3o, por isso \u00a0o crescimento \u00e9 um processo perene, tanto em estrutura, quanto em desenvolvimento pessoal, atrav\u00e9s de pesquisas e estudos, buscando o que h\u00e1 de mais avan\u00e7ado na \u00e1rea da sa\u00fade.<\/span><\/p>\n<p><span style=\"font-weight: 400;\">Nossas especialidades abrangem o atendimento a toda fam\u00edlia, pois proporcionamos o cuidado do corpo como um todo, seja na busca pelo bem-estar atrav\u00e9s de uma vida saud\u00e1vel ou mesmo nas necessidades mais espec\u00edficas daqueles que precisam de um tratamento mais complexo e personalizado. <\/span><\/p>\n<p>\n<\/div><div class=\"kc-elm kc-css-694859 kc_shortcode kc_single_image\">\n\n        <img decoding=\"async\" src=\"https:\/\/www.biosete.com.br\/site\/wp-content\/uploads\/2018\/11\/o_instituto.jpg\" class=\"\" alt=\"\" \/>    <\/div>\n<div class=\"kc-elm kc-css-606975\" style=\"height: 40px; clear: both; width:100%;\"><\/div><div class=\"kc-elm kc-css-311497 kc_text_block\"><\/p>\n<p><b style=\"font-style: inherit;\">Confira nosso Tour 360\u00b0<\/b><\/p>\n<p>\n<\/div><div class=\"kc-elm kc-css-863795 kc-raw-code\"><iframe loading=\"lazy\" src=\"https:\/\/www.google.com\/maps\/embed?pb=!4v1565195889831!6m8!1m7!1sCAoSLEFGMVFpcE9VeVZLMFNRTHl3Szc5dUNfeExUUmh1anREa0VmQzFxWkFZcFAw!2m2!1d-20.28714706107417!2d-40.29350474037369!3f216.5197247378253!4f-14.776665481850145!5f0.7820865974627469\" width=\"600\" height=\"450\" frameborder=\"0\" style=\"border:0\" allowfullscreen><\/iframe><\/div><\/div><\/div><div class=\"kc-elm kc-css-860166 kc_col-sm-5 kc_column kc_col-sm-5\"><div class=\"kc-col-container\"><div class=\"kc-elm kc-css-984990 kc_text_block\"><\/p>\n<p><strong>MISS\u00c3O<\/strong><br \/>\nProporcionar reabilita\u00e7\u00e3o, sa\u00fade e bem-estar, por meio de atendimento humanizado, inovador, personalizado, integralizado, de modo a oferecer solu\u00e7\u00f5es e benef\u00edcios, contando com uma estrutura f\u00edsica equipada para o profissional diferenciado e buscando atender suas expectativas.<\/p>\n<p><strong>VIS\u00c3O<\/strong><br \/>\nSer uma empresa reconhecida no Estado do Esp\u00edrito Santo como um Centro de Refer\u00eancia t\u00e9cnico-cient\u00edfico em reabilita\u00e7\u00e3o f\u00edsica, sa\u00fade e bem-estar.<\/p>\n<p><strong>VALORES<\/strong><br \/>\nO que nos move:<\/p>\n<ul>\n<li>\u00c9tica<\/li>\n<li>Afetividade<\/li>\n<li>Compromisso<\/li>\n<li>Disciplina<\/li>\n<li>Efici\u00eancia<\/li>\n<\/ul>\n<p>\n<\/div>\n\t<div class=\"kc-elm kc-css-892022 kc_shortcode kc_video_play kc_video_wrapper\" data-video=\"https:\/\/www.youtube.com\/watch?v=_frwfWTscek\" data-width=\"600\" data-height=\"338.983050847\" data-fullwidth=\"\" data-autoplay=\"\" data-loop=\"yes\" data-control=\"yes\" data-related=\"\" data-showinfo=\"\" data-kc-video-mute=\"\">\n\t\t\t<\/div>\n\n<\/div><\/div><\/div><\/div><\/section><section class=\"kc-elm kc-css-320378 kc_row\"><div class=\"kc-row-container  kc-container\"><div class=\"kc-wrap-columns\"><div class=\"kc-elm kc-css-477097 kc_col-sm-12 kc_column kc_col-sm-12\"><div class=\"kc-col-container\"><div class=\"kc-elm kc-css-629295\" style=\"height: 20px; clear: both; width:100%;\"><\/div><\/div><\/div><\/div><\/div><\/section><\/p>\n","protected":false},"excerpt":{"rendered":"","protected":false},"author":1,"featured_media":0,"parent":0,"menu_order":0,"comment_status":"closed","ping_status":"closed","template":"","meta":{"two_page_speed":null,"footnotes":""},"class_list":["post-18","page","type-page","status-publish","hentry"],"_links":{"self":[{"href":"https:\/\/www.biosete.com.br\/site\/wp-json\/wp\/v2\/pages\/18"}],"collection":[{"href":"https:\/\/www.biosete.com.br\/site\/wp-json\/wp\/v2\/pages"}],"about":[{"href":"https:\/\/www.biosete.com.br\/site\/wp-json\/wp\/v2\/types\/page"}],"author":[{"embeddable":true,"href":"https:\/\/www.biosete.com.br\/site\/wp-json\/wp\/v2\/users\/1"}],"replies":[{"embeddable":true,"href":"https:\/\/www.biosete.com.br\/site\/wp-json\/wp\/v2\/comments?post=18"}],"version-history":[{"count":25,"href":"https:\/\/www.biosete.com.br\/site\/wp-json\/wp\/v2\/pages\/18\/revisions"}],"predecessor-version":[{"id":735,"href":"https:\/\/www.biosete.com.br\/site\/wp-json\/wp\/v2\/pages\/18\/revisions\/735"}],"wp:attachment":[{"href":"https:\/\/www.biosete.com.br\/site\/wp-json\/wp\/v2\/media?parent=18"}],"curies":[{"name":"wp","href":"https:\/\/api.w.org\/{rel}","templated":true}]}}