{"id":1153,"date":"2021-11-05T16:47:36","date_gmt":"2021-11-05T19:47:36","guid":{"rendered":"https:\/\/www.biosete.com.br\/site\/?page_id=1153"},"modified":"2022-07-08T11:50:03","modified_gmt":"2022-07-08T14:50:03","slug":"dermatofuncional","status":"publish","type":"page","link":"https:\/\/www.biosete.com.br\/site\/dermatofuncional\/","title":{"rendered":"FISIOTERAPIA DERMATOFUNCIONAL"},"content":{"rendered":"<p><section class=\"kc-elm kc-css-675451 kc_row\"><div class=\"kc-row-container  kc-container\"><div class=\"kc-wrap-columns\"><div class=\"kc-elm kc-css-263449 kc_col-sm-12 kc_column kc_col-sm-12\"><div class=\"kc-col-container\"><div class=\"kc-elm kc-css-903515\" style=\"height: 20px; clear: both; width:100%;\"><\/div>\n<div class=\"kc-elm kc-css-947778 kc-title-wrap \">\n\n\t<h3 class=\"kc_title\">FISIOTERAPIA DERMATOFUNCIONAL<\/h3>\n<\/div>\n<div class=\"kc-elm kc-css-810407\" style=\"height: 20px; clear: both; width:100%;\"><\/div><\/div><\/div><\/div><\/div><\/section><section class=\"kc-elm kc-css-5704 kc_row\"><div class=\"kc-row-container  kc-container\"><div class=\"kc-wrap-columns\"><div class=\"kc-elm kc-css-165654 kc_col-of-5 kc_column kc_col-of-5\"><div class=\"kc-col-container\"><\/div><\/div><div class=\"kc-elm kc-css-107981 kc_col-sm-3 kc_column kc_col-sm-3\"><div class=\"kc-col-container\"><div class=\"kc-elm kc-css-324421 kc_shortcode kc_single_image\">\n\n        <img decoding=\"async\" src=\"https:\/\/www.biosete.com.br\/site\/wp-content\/uploads\/2021\/11\/dermatofuncional.png\" class=\"\" alt=\"\" \/>    <\/div>\n<\/div><\/div><div class=\"kc-elm kc-css-960800 kc_col-sm-4 kc_column kc_col-sm-4\"><div class=\"kc-col-container\"><div class=\"kc-elm kc-css-307376 kc_text_block\"><\/p>\n<p>A Fisioterapia Dermatofuncional tem o objetivo de proporcionar sa\u00fade e bem-estar\u00a0 atrav\u00e9s do cuidado com a pele. Seja atrav\u00e9s de t\u00e9cnicas manuais, seja por meio de aparelhos, os tratamentos cuidam de disfun\u00e7\u00f5es como celulites, estrias, flacidez, gordura localizada, lipedema e a\u00e7\u00f5es em per\u00edodos pr\u00e9 e p\u00f3s-operat\u00f3rio. Os cuidados faciais compreendem a limpeza de pele, rejuvenescimento, tratamento de les\u00f5es e preven\u00e7\u00e3o do envelhecimento. Os resultados v\u00e3o al\u00e9m da est\u00e9tica e contribuem para um aumento da auto estima e da qualidade de vida.<\/p>\n<p>\n<\/div><\/div><\/div><div class=\"kc-elm kc-css-802955 kc_col-of-5 kc_column kc_col-of-5\"><div class=\"kc-col-container\"><\/div><\/div><\/div><\/div><\/section><section class=\"kc-elm kc-css-739112 kc_row\"><div class=\"kc-row-container  kc-container\"><div class=\"kc-wrap-columns\"><div class=\"kc-elm kc-css-503267 kc_col-sm-12 kc_column kc_col-sm-12\"><div class=\"kc-col-container\"><div class=\"kc-elm kc-css-714263\" style=\"height: 50px; clear: both; width:100%;\"><\/div>\n<div class=\"kc-elm kc-css-941345 kc-title-wrap \">\n\n\t<h3 class=\"kc_title\">FAB\u00cdOLA SANTOS MIRANDA<\/h3>\n<\/div>\n<div class=\"kc-elm kc-css-598423\" style=\"height: 20px; clear: both; width:100%;\"><\/div><\/div><\/div><\/div><\/div><\/section><section class=\"kc-elm kc-css-353839 kc_row\"><div class=\"kc-row-container  kc-container\"><div class=\"kc-wrap-columns\"><div class=\"kc-elm kc-css-980957 kc_col-sm-3 kc_column kc_col-sm-3\"><div class=\"kc-col-container\"><\/div><\/div><div class=\"kc-elm kc-css-354596 kc_col-sm-4 kc_column kc_col-sm-4\"><div class=\"kc-col-container\"><div class=\"kc-elm kc-css-412715 kc_text_block\"><\/p>\n<p>Fab\u00edolla Santos Miranda \u00e9 Fisioterapeuta Dermatofuncional e atende aqui no Biosete Cl\u00ednicas.<\/p>\n<p>\u00c9 professora universit\u00e1ria, graduada em Fisioterapia pelo Centro Universit\u00e1rio IBMR\/RJ e P\u00f3s graduada em Fisioterapia Dermatofuncional e Cosmetologia pela Faculdade Inspirar\/PR.<\/p>\n<p>Contato:<\/p>\n<p><a href=\"https:\/\/api.whatsapp.com\/send?phone=552730260020\">+55 27 3026-0020<\/a><br \/>\n<a href=\"https:\/\/www.instagram.com\/fabiollafisiodermatofuncional\/\">Instagram<\/a><\/p>\n<p>\n<\/div><\/div><\/div><div class=\"kc-elm kc-css-989891 kc_col-sm-3 kc_column kc_col-sm-3\"><div class=\"kc-col-container\"><div class=\"kc-elm kc-css-88813 kc_shortcode kc_single_image\">\n\n        <img decoding=\"async\" src=\"https:\/\/www.biosete.com.br\/site\/wp-content\/uploads\/2021\/11\/Fabiolla-2.png\" class=\"\" alt=\"\" \/>    <\/div>\n<\/div><\/div><div class=\"kc-elm kc-css-852098 kc_col-of-5 kc_column kc_col-of-5\"><div class=\"kc-col-container\"><\/div><\/div><\/div><\/div><\/section><section class=\"kc-elm kc-css-439909 kc_row\"><div class=\"kc-row-container  kc-container\"><div class=\"kc-wrap-columns\"><div class=\"kc-elm kc-css-147354 kc_col-sm-12 kc_column kc_col-sm-12\"><div class=\"kc-col-container\"><div class=\"kc-elm kc-css-949999\" style=\"height: 20px; clear: both; width:100%;\"><\/div><div class=\"kc-elm kc-css-539815\" style=\"height: 20px; clear: both; width:100%;\"><\/div><div class=\"kc-elm kc-css-462770 kc-icon-wrapper\">\n\t\t<a href=\"http:\/\/www.biosete.com.br\/site\/biosete-clinicas\/\" target=\"_self\" title=\"\">\n\t\t<i class=\"fa-chevron-circle-left\"><\/i>\n\t\t<\/a>\n\t<\/div>\n<div class=\"kc-elm kc-css-806068\" style=\"height: 20px; clear: both; width:100%;\"><\/div><\/div><\/div><\/div><\/div><\/section><\/p>\n","protected":false},"excerpt":{"rendered":"","protected":false},"author":1,"featured_media":0,"parent":0,"menu_order":0,"comment_status":"closed","ping_status":"closed","template":"","meta":{"two_page_speed":[],"footnotes":""},"class_list":["post-1153","page","type-page","status-publish","hentry"],"_links":{"self":[{"href":"https:\/\/www.biosete.com.br\/site\/wp-json\/wp\/v2\/pages\/1153"}],"collection":[{"href":"https:\/\/www.biosete.com.br\/site\/wp-json\/wp\/v2\/pages"}],"about":[{"href":"https:\/\/www.biosete.com.br\/site\/wp-json\/wp\/v2\/types\/page"}],"author":[{"embeddable":true,"href":"https:\/\/www.biosete.com.br\/site\/wp-json\/wp\/v2\/users\/1"}],"replies":[{"embeddable":true,"href":"https:\/\/www.biosete.com.br\/site\/wp-json\/wp\/v2\/comments?post=1153"}],"version-history":[{"count":13,"href":"https:\/\/www.biosete.com.br\/site\/wp-json\/wp\/v2\/pages\/1153\/revisions"}],"predecessor-version":[{"id":1300,"href":"https:\/\/www.biosete.com.br\/site\/wp-json\/wp\/v2\/pages\/1153\/revisions\/1300"}],"wp:attachment":[{"href":"https:\/\/www.biosete.com.br\/site\/wp-json\/wp\/v2\/media?parent=1153"}],"curies":[{"name":"wp","href":"https:\/\/api.w.org\/{rel}","templated":true}]}}