{"id":1135,"date":"2021-10-22T16:56:42","date_gmt":"2021-10-22T19:56:42","guid":{"rendered":"https:\/\/www.biosete.com.br\/site\/?page_id=1135"},"modified":"2022-05-27T17:53:43","modified_gmt":"2022-05-27T20:53:43","slug":"ortopedia","status":"publish","type":"page","link":"https:\/\/www.biosete.com.br\/site\/ortopedia\/","title":{"rendered":"ORTOPEDIA"},"content":{"rendered":"<p><section class=\"kc-elm kc-css-403636 kc_row\"><div class=\"kc-row-container  kc-container\"><div class=\"kc-wrap-columns\"><div class=\"kc-elm kc-css-509757 kc_col-sm-12 kc_column kc_col-sm-12\"><div class=\"kc-col-container\"><div class=\"kc-elm kc-css-264275\" style=\"height: 20px; clear: both; width:100%;\"><\/div>\n<div class=\"kc-elm kc-css-894229 kc-title-wrap \">\n\n\t<h1 class=\"kc_title\">ORTOPEDIA<\/h1>\n<\/div>\n<div class=\"kc-elm kc-css-429689\" style=\"height: 20px; clear: both; width:100%;\"><\/div><\/div><\/div><\/div><\/div><\/section><section class=\"kc-elm kc-css-561841 kc_row\"><div class=\"kc-row-container  kc-container\"><div class=\"kc-wrap-columns\"><div class=\"kc-elm kc-css-902210 kc_col-sm-1 kc_column kc_col-sm-1\"><div class=\"kc-col-container\"><div class=\"kc-elm kc-css-58817\" style=\"height: 20px; clear: both; width:100%;\"><\/div><\/div><\/div><div class=\"kc-elm kc-css-499167 kc_col-sm-5 kc_column kc_col-sm-5\"><div class=\"kc-col-container\">\n\n<div class=\"image_fadein_slider kc-elm kc-css-429231 \">\n\t\t<div data-delay=\"5000\" class=\"image_fadein\" data-images=\"1137,1175\">\n\t<img decoding=\"async\" src=\"https:\/\/www.biosete.com.br\/site\/wp-content\/uploads\/2021\/10\/ORTOPEDIA.jpeg\" \/><img decoding=\"async\" src=\"https:\/\/www.biosete.com.br\/site\/wp-content\/uploads\/2021\/11\/Instituto-Performance_Apresenta\u00e7\u00e3o-de-Logotipo.jpg\" \/>\t<\/div>\n<\/div>\n<\/div><\/div><div class=\"kc-elm kc-css-584853 kc_col-sm-5 kc_column kc_col-sm-5\"><div class=\"kc-col-container\"><div class=\"kc-elm kc-css-348514 kc_text_block\"><\/p>\n<p>O n\u00facleo de Ortopedia do Instituto Biosete conta com m\u00e9dicos ortopedistas especialistas em: Quadril, joelho e coluna, sendo aptos a diagnosticar as diferentes patologias que afetam essas \u00e1reas e orientar o paciente em rela\u00e7\u00e3o aos melhores tratamentos, sempre considerando a individualidade de cada caso.<\/p>\n<p>Direcionado pela atua\u00e7\u00e3o do Instituto Performance, o objetivo do nosso n\u00facleo de Ortopedia \u00e9 oferecer uma proposta de cuidado aos pacientes de forma multidisciplinar, atrav\u00e9s de um atendimento de excel\u00eancia e integrado a todos os demais recursos que o Biosete Oferece.<\/p>\n<p>Nossa equipe m\u00e9dica \u00e9 altamente capacitada para atender pacientes com total seguran\u00e7a e excel\u00eancia nos resultados, tanto de forma cl\u00ednica como cir\u00fargica.<\/p>\n<p>\n<\/div><\/div><\/div><div class=\"kc-elm kc-css-781530 kc_col-sm-1 kc_column kc_col-sm-1\"><div class=\"kc-col-container\"><div class=\"kc-elm kc-css-797133\" style=\"height: 20px; clear: both; width:100%;\"><\/div><\/div><\/div><\/div><\/div><\/section><section class=\"kc-elm kc-css-608898 kc_row\"><div class=\"kc-row-container  kc-container\"><div class=\"kc-wrap-columns\"><div class=\"kc-elm kc-css-385744 kc_col-sm-12 kc_column kc_col-sm-12\"><div class=\"kc-col-container\"><div class=\"kc-elm kc-css-662587\" style=\"height: 20px; clear: both; width:100%;\"><\/div>\n<div class=\"kc-elm kc-css-880592 kc-title-wrap \">\n\n\t<h3 class=\"kc_title\">EQUIPE<\/h3>\n<\/div>\n<div class=\"kc-elm kc-css-150262\" style=\"height: 20px; clear: both; width:100%;\"><\/div><\/div><\/div><\/div><\/div><\/section><section class=\"kc-elm kc-css-802323 kc_row\"><div class=\"kc-row-container  kc-container\"><div class=\"kc-wrap-columns\"><div class=\"kc-elm kc-css-502897 kc_col-sm-2 kc_column kc_col-sm-2\"><div class=\"kc-col-container\"><\/div><\/div><div class=\"kc-elm kc-css-940865 kc_col-sm-2 kc_column kc_col-sm-2\"><div class=\"kc-col-container\"><div class=\"kc-elm kc-css-415437\" style=\"height: 20px; clear: both; width:100%;\"><\/div><div class=\"kc-elm kc-css-574720 kc_shortcode kc_single_image\">\n\n        <img decoding=\"async\" src=\"https:\/\/www.biosete.com.br\/site\/wp-content\/uploads\/2022\/05\/Dr-andre.png\" class=\"\" alt=\"\" \/>    <\/div>\n<\/div><\/div><div class=\"kc-elm kc-css-134117 kc_col-of-5 kc_column kc_col-of-5\"><div class=\"kc-col-container\"><div class=\"kc-elm kc-css-530045\" style=\"height: 20px; clear: both; width:100%;\"><\/div><div class=\"kc-elm kc-css-472392 kc_text_block\"><\/p>\n<p><strong>Dr. Andr\u00e9 Fran\u00e7a<br \/>\n<\/strong>CIRURGIA DO QUADRIL<br \/>\nPRESERVADORA E RECONSTRUTIVA<br \/>\nCRM\u00a0<span style=\"color: #4d5156; font-family: arial, sans-serif; font-size: 14px;\">10.472<\/span>\u00a0&#8211; ES<\/p>\n<p>\n<\/div><\/div><\/div><div class=\"kc-elm kc-css-608324 kc_col-sm-2 kc_column kc_col-sm-2\"><div class=\"kc-col-container\"><div class=\"kc-elm kc-css-85404\" style=\"height: 20px; clear: both; width:100%;\"><\/div><div class=\"kc-elm kc-css-901230 kc_shortcode kc_single_image\">\n\n        <img decoding=\"async\" src=\"https:\/\/www.biosete.com.br\/site\/wp-content\/uploads\/2022\/05\/Dr_ThiagoMaia.png\" class=\"\" alt=\"\" \/>    <\/div>\n<\/div><\/div><div class=\"kc-elm kc-css-842061 kc_col-of-5 kc_column kc_col-of-5\"><div class=\"kc-col-container\"><div class=\"kc-elm kc-css-233090\" style=\"height: 20px; clear: both; width:100%;\"><\/div><div class=\"kc-elm kc-css-27745 kc_text_block\"><\/p>\n<p><strong>Dr. Thiago Maia<br \/>\n<\/strong>ORTOPEDISTA<br \/>\nTRAUMATOLOGISTA<br \/>\nCRM 10.316\u00a0&#8211; ES<\/p>\n<p>\n<\/div><\/div><\/div><div class=\"kc-elm kc-css-897529 kc_col-sm-2 kc_column kc_col-sm-2\"><div class=\"kc-col-container\"><\/div><\/div><\/div><\/div><\/section><section class=\"kc-elm kc-css-881793 kc_row\"><div class=\"kc-row-container  kc-container\"><div class=\"kc-wrap-columns\"><div class=\"kc-elm kc-css-365097 kc_col-sm-12 kc_column kc_col-sm-12\"><div class=\"kc-col-container\"><div class=\"kc-elm kc-css-342702\" style=\"height: 20px; clear: both; width:100%;\"><\/div><div class=\"kc-elm kc-css-457753\" style=\"height: 20px; clear: both; width:100%;\"><\/div><div class=\"kc-elm kc-css-438996 kc-icon-wrapper\">\n\t\t<a href=\"http:\/\/www.biosete.com.br\/site\/biosete-clinicas\/\" target=\"_self\" title=\"\">\n\t\t<i class=\"fa-chevron-circle-left\"><\/i>\n\t\t<\/a>\n\t<\/div>\n<div class=\"kc-elm kc-css-86035\" style=\"height: 20px; clear: both; width:100%;\"><\/div><\/div><\/div><\/div><\/div><\/section><\/p>\n","protected":false},"excerpt":{"rendered":"","protected":false},"author":1,"featured_media":0,"parent":0,"menu_order":0,"comment_status":"closed","ping_status":"closed","template":"","meta":{"two_page_speed":[],"footnotes":""},"class_list":["post-1135","page","type-page","status-publish","hentry"],"_links":{"self":[{"href":"https:\/\/www.biosete.com.br\/site\/wp-json\/wp\/v2\/pages\/1135"}],"collection":[{"href":"https:\/\/www.biosete.com.br\/site\/wp-json\/wp\/v2\/pages"}],"about":[{"href":"https:\/\/www.biosete.com.br\/site\/wp-json\/wp\/v2\/types\/page"}],"author":[{"embeddable":true,"href":"https:\/\/www.biosete.com.br\/site\/wp-json\/wp\/v2\/users\/1"}],"replies":[{"embeddable":true,"href":"https:\/\/www.biosete.com.br\/site\/wp-json\/wp\/v2\/comments?post=1135"}],"version-history":[{"count":15,"href":"https:\/\/www.biosete.com.br\/site\/wp-json\/wp\/v2\/pages\/1135\/revisions"}],"predecessor-version":[{"id":1224,"href":"https:\/\/www.biosete.com.br\/site\/wp-json\/wp\/v2\/pages\/1135\/revisions\/1224"}],"wp:attachment":[{"href":"https:\/\/www.biosete.com.br\/site\/wp-json\/wp\/v2\/media?parent=1135"}],"curies":[{"name":"wp","href":"https:\/\/api.w.org\/{rel}","templated":true}]}}