{"id":1098,"date":"2021-09-10T17:27:18","date_gmt":"2021-09-10T20:27:18","guid":{"rendered":"https:\/\/www.biosete.com.br\/site\/?page_id=1098"},"modified":"2021-11-12T13:51:56","modified_gmt":"2021-11-12T16:51:56","slug":"neurocirurgia","status":"publish","type":"page","link":"https:\/\/www.biosete.com.br\/site\/neurocirurgia\/","title":{"rendered":"NEUROCIRURGIA"},"content":{"rendered":"<p><section class=\"kc-elm kc-css-569384 kc_row\"><div class=\"kc-row-container  kc-container\"><div class=\"kc-wrap-columns\"><div class=\"kc-elm kc-css-92468 kc_col-sm-12 kc_column kc_col-sm-12\"><div class=\"kc-col-container\"><div class=\"kc-elm kc-css-770918\" style=\"height: 20px; clear: both; width:100%;\"><\/div>\n<div class=\"kc-elm kc-css-686729 kc-title-wrap \">\n\n\t<h3 class=\"kc_title\">NEUROCIRURGIA<\/h3>\n<\/div>\n<div class=\"kc-elm kc-css-38453\" style=\"height: 20px; clear: both; width:100%;\"><\/div><\/div><\/div><\/div><\/div><\/section><section class=\"kc-elm kc-css-229133 kc_row\"><div class=\"kc-row-container  kc-container\"><div class=\"kc-wrap-columns\"><div class=\"kc-elm kc-css-919043 kc_col-sm-1 kc_column kc_col-sm-1\"><div class=\"kc-col-container\"><div class=\"kc-elm kc-css-807331\" style=\"height: 20px; clear: both; width:100%;\"><\/div><\/div><\/div><div class=\"kc-elm kc-css-388418 kc_col-sm-4 kc_column kc_col-sm-4\"><div class=\"kc-col-container\"><div class=\"kc-elm kc-css-921412 kc_shortcode kc_single_image\">\n\n        <img decoding=\"async\" src=\"https:\/\/www.biosete.com.br\/site\/wp-content\/uploads\/2021\/10\/Neurocirurgia.png\" class=\"\" alt=\"\" \/>    <\/div>\n<\/div><\/div><div class=\"kc-elm kc-css-632287 kc_col-sm-5 kc_column kc_col-sm-5\"><div class=\"kc-col-container\"><div class=\"kc-elm kc-css-262102 kc_text_block\"><\/p>\n<p>A neurocirurgia trata, especialmente atrav\u00e9s de procedimentos cir\u00fargicos, altera\u00e7\u00f5es no sistema nervoso central e perif\u00e9rico. Os principais sintomas que podem levar o paciente a buscar um neurocirurgi\u00e3o s\u00e3o as dores de cabe\u00e7a, dores na coluna, movimentos involunt\u00e1rios, perda de for\u00e7a ou adormecimento de alguma parte do corpo, ins\u00f4nia, al\u00e9m das doen\u00e7as como Alzheimer, Parkinson, Epilepsia, tumores cerebrais, entre outras.<\/p>\n<p>Aqui no Instituto Biosete contamos com a atua\u00e7\u00e3o do INC &#8211; Instituto de Neurocirurgia Capixaba, que oferece um atendimento altamente especializado, de forma global, focando n\u00e3o apenas no efeito, mas na causa dos sintomas.<\/p>\n<p>\n<\/div><\/div><\/div><div class=\"kc-elm kc-css-614677 kc_col-sm-1 kc_column kc_col-sm-1\"><div class=\"kc-col-container\"><div class=\"kc-elm kc-css-838545\" style=\"height: 20px; clear: both; width:100%;\"><\/div><\/div><\/div><\/div><\/div><\/section><section class=\"kc-elm kc-css-296857 kc_row\"><div class=\"kc-row-container  kc-container\"><div class=\"kc-wrap-columns\"><div class=\"kc-elm kc-css-247718 kc_col-sm-12 kc_column kc_col-sm-12\"><div class=\"kc-col-container\"><div class=\"kc-elm kc-css-932141\" style=\"height: 20px; clear: both; width:100%;\"><\/div>\n<div class=\"kc-elm kc-css-746466 kc-title-wrap \">\n\n\t<h3 class=\"kc_title\">EQUIPE<\/h3>\n<\/div>\n<div class=\"kc-elm kc-css-430619\" style=\"height: 20px; clear: both; width:100%;\"><\/div><\/div><\/div><\/div><\/div><\/section><section class=\"kc-elm kc-css-220502 kc_row\"><div class=\"kc-row-container  kc-container\"><div class=\"kc-wrap-columns\"><div class=\"kc-elm kc-css-608980 kc_col-sm-2 kc_column kc_col-sm-2\"><div class=\"kc-col-container\"><div class=\"kc-elm kc-css-484862\" style=\"height: 20px; clear: both; width:100%;\"><\/div><div class=\"kc-elm kc-css-634913 kc_shortcode kc_single_image\">\n\n        <img decoding=\"async\" src=\"https:\/\/www.biosete.com.br\/site\/wp-content\/uploads\/2021\/11\/Dr-Andre-Neuro.png\" class=\"\" alt=\"\" \/>    <\/div>\n<\/div><\/div><div class=\"kc-elm kc-css-33664 kc_col-of-5 kc_column kc_col-of-5\"><div class=\"kc-col-container\"><div class=\"kc-elm kc-css-863920\" style=\"height: 20px; clear: both; width:100%;\"><\/div><div class=\"kc-elm kc-css-42734\" style=\"height: 20px; clear: both; width:100%;\"><\/div><div class=\"kc-elm kc-css-51691 kc_text_block\"><\/p>\n<p><strong>Dr. Andr\u00e9 Bissoli<br \/>\n<\/strong>NEUROCIRURGI\u00c3O<br \/>\nCRM 12.991\u00a0&#8211; ES<\/p>\n<p>\n<\/div><\/div><\/div><div class=\"kc-elm kc-css-197493 kc_col-sm-2 kc_column kc_col-sm-2\"><div class=\"kc-col-container\"><div class=\"kc-elm kc-css-782605\" style=\"height: 20px; clear: both; width:100%;\"><\/div><div class=\"kc-elm kc-css-953786 kc_shortcode kc_single_image\">\n\n        <img decoding=\"async\" src=\"https:\/\/www.biosete.com.br\/site\/wp-content\/uploads\/2021\/10\/Dr-daniel.png\" class=\"\" alt=\"\" \/>    <\/div>\n<\/div><\/div><div class=\"kc-elm kc-css-761214 kc_col-of-5 kc_column kc_col-of-5\"><div class=\"kc-col-container\"><div class=\"kc-elm kc-css-3640\" style=\"height: 20px; clear: both; width:100%;\"><\/div><div class=\"kc-elm kc-css-865433\" style=\"height: 20px; clear: both; width:100%;\"><\/div><div class=\"kc-elm kc-css-144957 kc_text_block\"><\/p>\n<p><strong>Dr. Daniel Callegari<br \/>\n<\/strong>NEUROCIRURGI\u00c3O<br \/>\nCRM 8834 &#8211; ES<br \/>\nRQE N\u00ba: 7156<\/p>\n<p>\n<\/div><\/div><\/div><div class=\"kc-elm kc-css-380318 kc_col-sm-2 kc_column kc_col-sm-2\"><div class=\"kc-col-container\"><div class=\"kc-elm kc-css-492296\" style=\"height: 20px; clear: both; width:100%;\"><\/div><div class=\"kc-elm kc-css-197068 kc_shortcode kc_single_image\">\n\n        <img decoding=\"async\" src=\"https:\/\/www.biosete.com.br\/site\/wp-content\/uploads\/2021\/09\/CL\u00cdNICAS-Ulysses-Caus.png\" class=\"\" alt=\"\" \/>    <\/div>\n<\/div><\/div><div class=\"kc-elm kc-css-276524 kc_col-of-5 kc_column kc_col-of-5\"><div class=\"kc-col-container\"><div class=\"kc-elm kc-css-491424\" style=\"height: 20px; clear: both; width:100%;\"><\/div><div class=\"kc-elm kc-css-145243\" style=\"height: 20px; clear: both; width:100%;\"><\/div><div class=\"kc-elm kc-css-340097 kc_text_block\"><\/p>\n<p><strong>Dr. Ulysses Caus Batista<br \/>\n<\/strong>NEUROCIRURGI\u00c3O<br \/>\nCRM\u00a010.289 &#8211; ES<\/p>\n<p>\n<\/div><\/div><\/div><\/div><\/div><\/section><section class=\"kc-elm kc-css-597909 kc_row\"><div class=\"kc-row-container  kc-container\"><div class=\"kc-wrap-columns\"><div class=\"kc-elm kc-css-354729 kc_col-sm-12 kc_column kc_col-sm-12\"><div class=\"kc-col-container\"><div class=\"kc-elm kc-css-531746\" style=\"height: 20px; clear: both; width:100%;\"><\/div><div class=\"kc-elm kc-css-31734\" style=\"height: 20px; clear: both; width:100%;\"><\/div><div class=\"kc-elm kc-css-746422 kc-icon-wrapper\">\n\t\t<a href=\"http:\/\/www.biosete.com.br\/site\/biosete-clinicas\/\" target=\"_self\" title=\"\">\n\t\t<i class=\"fa-chevron-circle-left\"><\/i>\n\t\t<\/a>\n\t<\/div>\n<div class=\"kc-elm kc-css-723682\" style=\"height: 20px; clear: both; width:100%;\"><\/div><\/div><\/div><\/div><\/div><\/section><\/p>\n","protected":false},"excerpt":{"rendered":"","protected":false},"author":1,"featured_media":0,"parent":0,"menu_order":0,"comment_status":"closed","ping_status":"closed","template":"","meta":{"two_page_speed":[],"footnotes":""},"class_list":["post-1098","page","type-page","status-publish","hentry"],"_links":{"self":[{"href":"https:\/\/www.biosete.com.br\/site\/wp-json\/wp\/v2\/pages\/1098"}],"collection":[{"href":"https:\/\/www.biosete.com.br\/site\/wp-json\/wp\/v2\/pages"}],"about":[{"href":"https:\/\/www.biosete.com.br\/site\/wp-json\/wp\/v2\/types\/page"}],"author":[{"embeddable":true,"href":"https:\/\/www.biosete.com.br\/site\/wp-json\/wp\/v2\/users\/1"}],"replies":[{"embeddable":true,"href":"https:\/\/www.biosete.com.br\/site\/wp-json\/wp\/v2\/comments?post=1098"}],"version-history":[{"count":23,"href":"https:\/\/www.biosete.com.br\/site\/wp-json\/wp\/v2\/pages\/1098\/revisions"}],"predecessor-version":[{"id":1174,"href":"https:\/\/www.biosete.com.br\/site\/wp-json\/wp\/v2\/pages\/1098\/revisions\/1174"}],"wp:attachment":[{"href":"https:\/\/www.biosete.com.br\/site\/wp-json\/wp\/v2\/media?parent=1098"}],"curies":[{"name":"wp","href":"https:\/\/api.w.org\/{rel}","templated":true}]}}