{"id":1083,"date":"2021-09-03T15:32:18","date_gmt":"2021-09-03T18:32:18","guid":{"rendered":"https:\/\/www.biosete.com.br\/site\/?page_id=1083"},"modified":"2023-08-07T12:05:10","modified_gmt":"2023-08-07T15:05:10","slug":"nutricao","status":"publish","type":"page","link":"https:\/\/www.biosete.com.br\/site\/nutricao\/","title":{"rendered":"NUTRI\u00c7\u00c3O"},"content":{"rendered":"<p><section class=\"kc-elm kc-css-226993 kc_row\"><div class=\"kc-row-container  kc-container\"><div class=\"kc-wrap-columns\"><div class=\"kc-elm kc-css-328395 kc_col-sm-12 kc_column kc_col-sm-12\"><div class=\"kc-col-container\"><div class=\"kc-elm kc-css-633380\" style=\"height: 20px; clear: both; width:100%;\"><\/div>\n<div class=\"kc-elm kc-css-41802 kc-title-wrap \">\n\n\t<h3 class=\"kc_title\">NUTRI\u00c7\u00c3O<\/h3>\n<\/div>\n<div class=\"kc-elm kc-css-311440\" style=\"height: 20px; clear: both; width:100%;\"><\/div><\/div><\/div><\/div><\/div><\/section><section class=\"kc-elm kc-css-158242 kc_row\"><div class=\"kc-row-container  kc-container\"><div class=\"kc-wrap-columns\"><div class=\"kc-elm kc-css-841782 kc_col-sm-1 kc_column kc_col-sm-1\"><div class=\"kc-col-container\"><\/div><\/div><div class=\"kc-elm kc-css-719632 kc_col-sm-3 kc_column kc_col-sm-3\"><div class=\"kc-col-container\"><div class=\"kc-elm kc-css-90295 kc_shortcode kc_single_image\">\n\n        <img decoding=\"async\" src=\"https:\/\/www.biosete.com.br\/site\/wp-content\/uploads\/2022\/05\/nutri\u00e7\u00e3o-1.jpg\" class=\"\" alt=\"\" \/>    <\/div>\n<\/div><\/div><div class=\"kc-elm kc-css-218735 kc_col-sm-7 kc_column kc_col-sm-7\"><div class=\"kc-col-container\"><div class=\"kc-elm kc-css-75190 kc_text_block\"><\/p>\n<p>\nA alimenta\u00e7\u00e3o \u00e9 um dos pilares mais importantes da vida saud\u00e1vel. Sendo assim, a Nutri\u00e7\u00e3o \u00e9 uma \u00e1rea fundamental para quem deseja mais bem estar e qualidade de vida. Aqui no Instituto Biosete, temos duas linhas de acompanhamento nutricional: A Nutri\u00e7\u00e3o Cl\u00ednica Funcional e a Nutri\u00e7\u00e3o Esportiva.<\/p>\n<p>A <strong>Nutri\u00e7\u00e3o Cl\u00ednica Funcional<\/strong> leva em conta os fatores gen\u00e9ticos, ambientais e bioqu\u00edmicos de cada indiv\u00edduo, para direcionar os tipos de alimentos e a estrat\u00e9gia de alimenta\u00e7\u00e3o mais adequada. Ou seja, observa o paciente como um todo, buscando a qualidade de vida e o bem-estar f\u00edsico e mental a partir da dieta saud\u00e1vel. O foco da Nutri\u00e7\u00e3o Cl\u00ednica Funcional \u00e9 o tratamento de obesidade, diabetes, doen\u00e7as cardiovasculares, doen\u00e7as autoimunes (artrite reumat\u00f3ide, l\u00fapus eritematoso, psor\u00edase, etc.), doen\u00e7as Inflamat\u00f3rias Intestinais, doen\u00e7as m\u00fasculo-esquel\u00e9ticas, depress\u00e3o, ansiedade, entre outras.<\/p>\n<p>Por sua vez, a<strong> Nutri\u00e7\u00e3o Esportiva<\/strong> \u00e9 ideal para quem busca uma vida saud\u00e1vel e sabe bem que a pr\u00e1tica de exerc\u00edcios f\u00edsicos deve ser combinada com uma alimenta\u00e7\u00e3o balanceada. Algumas pessoas praticam muscula\u00e7\u00e3o e querem reduzir o percentual de gordura. Outras correm maratonas e precisam manter a energia em meio a treinos cansativos. Cada um tem objetivos espec\u00edficos e a nutri\u00e7\u00e3o esportiva pode ser um poderoso aliado para chegar l\u00e1.<\/p>\n<p>J\u00e1 a<strong> Nutri\u00e7\u00e3o Infantil\u00a0<\/strong>\u00e9 direcionada a crian\u00e7as, com foco na melhora da alimenta\u00e7\u00e3o, cujos resultados metab\u00f3licos podem proporcionar tanto aumento da sa\u00fade, quanto preven\u00e7\u00e3o de doen\u00e7as futuras. Nesta fase \u00e9 muito importante a participa\u00e7\u00e3o dos pais, atrav\u00e9s de boas pr\u00e1ticas alimentares, que atendam \u00e0s demandas nutricionais de suas crian\u00e7as.<\/p>\n<p>\n<\/div><\/div><\/div><div class=\"kc-elm kc-css-893035 kc_col-sm-1 kc_column kc_col-sm-1\"><div class=\"kc-col-container\"><\/div><\/div><\/div><\/div><\/section><section class=\"kc-elm kc-css-934176 kc_row\"><div class=\"kc-row-container  kc-container\"><div class=\"kc-wrap-columns\"><div class=\"kc-elm kc-css-952377 kc_col-sm-12 kc_column kc_col-sm-12\"><div class=\"kc-col-container\"><div class=\"kc-elm kc-css-500653\" style=\"height: 50px; clear: both; width:100%;\"><\/div>\n<div class=\"kc-elm kc-css-240749 kc-title-wrap \">\n\n\t<h3 class=\"kc_title\">EQUIPE<\/h3>\n<\/div>\n<div class=\"kc-elm kc-css-781052\" style=\"height: 20px; clear: both; width:100%;\"><\/div><\/div><\/div><\/div><\/div><\/section><section class=\"kc-elm kc-css-105805 kc_row\"><div class=\"kc-row-container  kc-container\"><div class=\"kc-wrap-columns\"><div class=\"kc-elm kc-css-833676 kc_col-sm-3 kc_column kc_col-sm-3\"><div class=\"kc-col-container\"><\/div><\/div><div class=\"kc-elm kc-css-613391 kc_col-sm-3 kc_column kc_col-sm-3\"><div class=\"kc-col-container\"><div class=\"kc-elm kc-css-656519 kc_shortcode kc_single_image\">\n\n        <img decoding=\"async\" src=\"https:\/\/www.biosete.com.br\/site\/wp-content\/uploads\/2022\/05\/\u00c2ngelo-Daher.png\" class=\"\" alt=\"\" \/>    <\/div>\n<div class=\"kc-elm kc-css-351861\" style=\"height: 10px; clear: both; width:100%;\"><\/div><div class=\"kc-elm kc-css-70661 kc_text_block\"><\/p>\n<p style=\"text-align: center;\"><span style=\"font-family: Montserrat, sans-serif;\"><span style=\"font-size: 18px;\"><strong>\u00c2ngelo Daher<\/strong><\/span><br \/><span style=\"color: #262626;\">Nutricionista, especialista em&nbsp;<\/span><span style=\"color: #262626;\">Emagrecimento&nbsp; e&nbsp;<\/span><span style=\"color: #262626;\">Performance.<\/span><\/span><\/p>\n<p style=\"text-align: center;\"><span style=\"color: #262626; font-family: Montserrat, sans-serif;\">Triatleta, \u00e9 P\u00f3s graduado em Fitoterapia e Fisiologia do exerc\u00edcio.<\/span><\/p>\n<p style=\"text-align: center;\"><span style=\"color: #262626; font-family: Montserrat, sans-serif;\">CRN 171100151<\/span><\/p>\n<p style=\"text-align: center;\"><span style=\"color: #262626; font-family: Montserrat, sans-serif;\">Contato:<\/span><\/p>\n<p style=\"text-align: center;\"><span style=\"font-family: Montserrat, sans-serif;\"><a href=\"https:\/\/api.whatsapp.com\/send?phone=552730260020\">+55 27 3026-0020<\/a><br \/><\/span><span style=\"font-family: Montserrat, sans-serif;\"><a href=\"https:\/\/www.instagram.com\/angelonutri\/\">Instagram<\/a><\/span><\/p>\n<p>\n<\/div><\/div><\/div><div class=\"kc-elm kc-css-366633 kc_col-sm-3 kc_column kc_col-sm-3\"><div class=\"kc-col-container\"><div class=\"kc-elm kc-css-481397 kc_shortcode kc_single_image\">\n\n        <img decoding=\"async\" src=\"https:\/\/www.biosete.com.br\/site\/wp-content\/uploads\/2022\/05\/Mariana-Almeida.png\" class=\"\" alt=\"\" \/>    <\/div>\n<div class=\"kc-elm kc-css-143296\" style=\"height: 10px; clear: both; width:100%;\"><\/div><div class=\"kc-elm kc-css-648556 kc_text_block\"><\/p>\n<p style=\"text-align: center;\"><span style=\"font-family: Montserrat, sans-serif;\"><span style=\"color: #262626; font-size: 21px;\"><b><span style=\"font-size: 18px;\">Mariana Almeida<\/span><br \/><\/b><\/span><span style=\"color: #262626;\">Nutricionista pela USP, Mestre em Ci\u00eancia pela USP e P\u00f3s graduada em Nutri\u00e7\u00e3o Cl\u00ednica Funcional e Fitoterapia Funcional pela VP\/Unicsul.<\/span><\/span><\/p>\n<p style=\"text-align: center;\"><span style=\"font-family: Montserrat, sans-serif;\">CRN4: 13100886<\/span><\/p>\n<p style=\"text-align: center;\"><span style=\"font-family: Montserrat, sans-serif;\">Contato:<br \/><\/span><span style=\"font-family: Montserrat, sans-serif;\"><a href=\"https:\/\/api.whatsapp.com\/send?phone=552730260020\">+55 27 3026-0020<\/a><br \/><\/span><span style=\"font-family: Montserrat, sans-serif;\"><a href=\"https:\/\/www.instagram.com\/mari.calmeida\/\">Instagram<\/a><\/span><\/p>\n<p>\n<\/div><\/div><\/div><div class=\"kc-elm kc-css-357732 kc_col-sm-3 kc_column kc_col-sm-3\"><div class=\"kc-col-container\"><\/div><\/div><\/div><\/div><\/section><section class=\"kc-elm kc-css-683827 kc_row\"><div class=\"kc-row-container  kc-container\"><div class=\"kc-wrap-columns\"><div class=\"kc-elm kc-css-59907 kc_col-sm-12 kc_column kc_col-sm-12\"><div class=\"kc-col-container\"><div class=\"kc-elm kc-css-412489\" style=\"height: 20px; clear: both; width:100%;\"><\/div><div class=\"kc-elm kc-css-205115\" style=\"height: 20px; clear: both; width:100%;\"><\/div><div class=\"kc-elm kc-css-54933 kc-icon-wrapper\">\n\t\t<a href=\"http:\/\/www.biosete.com.br\/site\/biosete-clinicas\/\" target=\"_self\" title=\"\">\n\t\t<i class=\"fa-chevron-circle-left\"><\/i>\n\t\t<\/a>\n\t<\/div>\n<div class=\"kc-elm kc-css-816480\" style=\"height: 20px; clear: both; width:100%;\"><\/div><\/div><\/div><\/div><\/div><\/section><\/p>\n","protected":false},"excerpt":{"rendered":"","protected":false},"author":1,"featured_media":0,"parent":0,"menu_order":0,"comment_status":"closed","ping_status":"closed","template":"","meta":{"two_page_speed":[],"footnotes":""},"class_list":["post-1083","page","type-page","status-publish","hentry"],"_links":{"self":[{"href":"https:\/\/www.biosete.com.br\/site\/wp-json\/wp\/v2\/pages\/1083"}],"collection":[{"href":"https:\/\/www.biosete.com.br\/site\/wp-json\/wp\/v2\/pages"}],"about":[{"href":"https:\/\/www.biosete.com.br\/site\/wp-json\/wp\/v2\/types\/page"}],"author":[{"embeddable":true,"href":"https:\/\/www.biosete.com.br\/site\/wp-json\/wp\/v2\/users\/1"}],"replies":[{"embeddable":true,"href":"https:\/\/www.biosete.com.br\/site\/wp-json\/wp\/v2\/comments?post=1083"}],"version-history":[{"count":36,"href":"https:\/\/www.biosete.com.br\/site\/wp-json\/wp\/v2\/pages\/1083\/revisions"}],"predecessor-version":[{"id":1353,"href":"https:\/\/www.biosete.com.br\/site\/wp-json\/wp\/v2\/pages\/1083\/revisions\/1353"}],"wp:attachment":[{"href":"https:\/\/www.biosete.com.br\/site\/wp-json\/wp\/v2\/media?parent=1083"}],"curies":[{"name":"wp","href":"https:\/\/api.w.org\/{rel}","templated":true}]}}