{"id":1064,"date":"2021-08-06T16:29:46","date_gmt":"2021-08-06T19:29:46","guid":{"rendered":"https:\/\/www.biosete.com.br\/site\/?page_id=1064"},"modified":"2021-11-12T14:18:12","modified_gmt":"2021-11-12T17:18:12","slug":"reumatologia","status":"publish","type":"page","link":"https:\/\/www.biosete.com.br\/site\/reumatologia\/","title":{"rendered":"REUMATOLOGIA"},"content":{"rendered":"<p><section class=\"kc-elm kc-css-192591 kc_row\"><div class=\"kc-row-container  kc-container\"><div class=\"kc-wrap-columns\"><div class=\"kc-elm kc-css-174920 kc_col-sm-12 kc_column kc_col-sm-12\"><div class=\"kc-col-container\"><div class=\"kc-elm kc-css-793433\" style=\"height: 20px; clear: both; width:100%;\"><\/div>\n<div class=\"kc-elm kc-css-434821 kc-title-wrap \">\n\n\t<h3 class=\"kc_title\">REUMATOLOGIA<\/h3>\n<\/div>\n<div class=\"kc-elm kc-css-926266\" style=\"height: 20px; clear: both; width:100%;\"><\/div><\/div><\/div><\/div><\/div><\/section><section class=\"kc-elm kc-css-373413 kc_row\"><div class=\"kc-row-container  kc-container\"><div class=\"kc-wrap-columns\"><div class=\"kc-elm kc-css-271655 kc_col-sm-1 kc_column kc_col-sm-1\"><div class=\"kc-col-container\"><\/div><\/div><div class=\"kc-elm kc-css-902978 kc_col-sm-5 kc_column kc_col-sm-5\"><div class=\"kc-col-container\"><div class=\"kc-elm kc-css-85615 kc_shortcode kc_single_image\">\n\n        <img decoding=\"async\" src=\"https:\/\/www.biosete.com.br\/site\/wp-content\/uploads\/2021\/08\/reumato.jpg\" class=\"\" alt=\"\" \/>    <\/div>\n<\/div><\/div><div class=\"kc-elm kc-css-937954 kc_col-sm-5 kc_column kc_col-sm-5\"><div class=\"kc-col-container\"><div class=\"kc-elm kc-css-319772 kc_text_block\"><\/p>\n<p><span style=\"color: #262626; font-family: Montserrat, sans-serif; font-size: 14px;\">A Reumatologia estuda, investiga, fornece o diagn\u00f3stico e trata as doen\u00e7as que atacam o sistema musculoesquel\u00e9tico (como as articula\u00e7\u00f5es, os ossos e os m\u00fasculos) e doen\u00e7as reum\u00e1ticas autoimunes sist\u00eamicas, em que o organismo produz anticorpos contra as pr\u00f3prias c\u00e9lulas, podendo atingir v\u00e1rias partes do corpo.\u00a0<\/span><span style=\"color: #262626; font-family: Montserrat, sans-serif; font-size: 14px;\">Existem doen\u00e7as reum\u00e1ticas autoimunes, como o L\u00fapus e Artrite Reumatoide, e as n\u00e3o autoimunes como a Osteoartrite (Artrose), Osteoporose, Fibromialgia, entre outras.\u00a0<\/span><span style=\"color: #262626; font-family: Montserrat, sans-serif; font-size: 16px;\"><span style=\"font-size: 14px;\">As doen\u00e7as reum\u00e1ticas podem causar v\u00e1rios outros sintomas al\u00e9m da dor e afetar pessoas de v\u00e1rias idades, inclusive crian\u00e7as.<\/span><br style=\"font-family: -apple-system, BlinkMacSystemFont, 'Segoe UI', Roboto, Helvetica, Arial, sans-serif; font-size: 14px;\" \/><\/span><\/p>\n<p>\n<\/div><\/div><\/div><div class=\"kc-elm kc-css-236116 kc_col-sm-1 kc_column kc_col-sm-1\"><div class=\"kc-col-container\"><\/div><\/div><\/div><\/div><\/section><section class=\"kc-elm kc-css-257715 kc_row\"><div class=\"kc-row-container  kc-container\"><div class=\"kc-wrap-columns\"><div class=\"kc-elm kc-css-171884 kc_col-sm-12 kc_column kc_col-sm-12\"><div class=\"kc-col-container\"><div class=\"kc-elm kc-css-625039\" style=\"height: 51px; clear: both; width:100%;\"><\/div>\n<div class=\"kc-elm kc-css-475855 kc-title-wrap \">\n\n\t<h3 class=\"kc_title\">DRA. ANA PAULA KLEIN<\/h3>\n<\/div>\n<div class=\"kc-elm kc-css-699256\" style=\"height: 20px; clear: both; width:100%;\"><\/div><\/div><\/div><\/div><\/div><\/section><section class=\"kc-elm kc-css-302589 kc_row\"><div class=\"kc-row-container  kc-container\"><div class=\"kc-wrap-columns\"><div class=\"kc-elm kc-css-568537 kc_col-of-5 kc_column kc_col-of-5\"><div class=\"kc-col-container\"><div class=\"kc-elm kc-css-352683\" style=\"height: 20px; clear: both; width:100%;\"><\/div><\/div><\/div><div class=\"kc-elm kc-css-364925 kc_col-sm-4 kc_column kc_col-sm-4\"><div class=\"kc-col-container\"><div class=\"kc-elm kc-css-841319 kc_text_block\"><\/p>\n<p><span style=\"color: #262626; font-family: Montserrat, sans-serif; font-size: 14px;\">A Dra. Ana Paula Klein \u00e9 reumatologista e atende aqui no Instituto Biosete.<\/span><\/p>\n<p><span style=\"font-family: Montserrat, sans-serif; font-size: 14px;\"><span style=\"color: #262626;\">F<\/span><span style=\"color: #262626;\">ormada em medicina desde 2010,\u00a0<\/span><span style=\"color: #262626;\">pela Escola Superior de Cie\u0302ncias da Santa Casa de Miserico\u0301rdia de Vito\u0301ria (EMESCAM), se mudou para S\u00e3o Paulo e fez Resid\u00ea<\/span><span style=\"color: #262626;\">ncia de Cli\u0301nica Me\u0301dica no Hospital Ipiranga (2011-2013) e reside\u0302ncia de Reumatologia na Escola Paulista de Medicina &#8211; UNIFESP (2014-2016).<\/span><\/span><\/p>\n<p><span style=\"color: #262626; font-family: Montserrat, sans-serif; font-size: 14px;\">Atuou como reumatologista em Sa\u0303o Paulo por 3 anos, at\u00e9 voltar para Vit\u00f3ria, buscando oferecer aos pacientes capixabas toda experi\u00eancia que adquiriu nos \u00faltimos anos.<\/span><\/p>\n<p>Contato:<\/p>\n<ul class=\"contact_details\">\n<li class=\"phone\"><a href=\"tel:+55273026-0020\">+55 27 3026-0020<\/a><\/li>\n<li class=\"phone\"><a href=\"https:\/\/www.instagram.com\/draanapaulareumatologista\/\">Instagram<\/a><\/li>\n<\/ul>\n<p>\n<\/div><\/div><\/div><div class=\"kc-elm kc-css-767808 kc_col-sm-4 kc_column kc_col-sm-4\"><div class=\"kc-col-container\"><div class=\"kc-elm kc-css-819554 kc_shortcode kc_single_image\">\n\n        <img decoding=\"async\" src=\"https:\/\/www.biosete.com.br\/site\/wp-content\/uploads\/2021\/08\/IMG_20200828_120401.png\" class=\"\" alt=\"\" \/>    <\/div>\n<\/div><\/div><div class=\"kc-elm kc-css-663270 kc_col-of-5 kc_column kc_col-of-5\"><div class=\"kc-col-container\"><div class=\"kc-elm kc-css-528011\" style=\"height: 20px; clear: both; width:100%;\"><\/div><\/div><\/div><\/div><\/div><\/section><section class=\"kc-elm kc-css-512393 kc_row\"><div class=\"kc-row-container  kc-container\"><div class=\"kc-wrap-columns\"><div class=\"kc-elm kc-css-470787 kc_col-sm-12 kc_column kc_col-sm-12\"><div class=\"kc-col-container\"><div class=\"kc-elm kc-css-807996\" style=\"height: 20px; clear: both; width:100%;\"><\/div><div class=\"kc-elm kc-css-381422\" style=\"height: 20px; clear: both; width:100%;\"><\/div><div class=\"kc-elm kc-css-536247 kc-icon-wrapper\">\n\t\t<a href=\"http:\/\/www.biosete.com.br\/site\/biosete-clinicas\/\" target=\"_self\" title=\"\">\n\t\t<i class=\"fa-chevron-circle-left\"><\/i>\n\t\t<\/a>\n\t<\/div>\n<div class=\"kc-elm kc-css-621520\" style=\"height: 20px; clear: both; width:100%;\"><\/div><\/div><\/div><\/div><\/div><\/section><\/p>\n","protected":false},"excerpt":{"rendered":"","protected":false},"author":1,"featured_media":0,"parent":0,"menu_order":0,"comment_status":"closed","ping_status":"closed","template":"","meta":{"two_page_speed":[],"footnotes":""},"class_list":["post-1064","page","type-page","status-publish","hentry"],"_links":{"self":[{"href":"https:\/\/www.biosete.com.br\/site\/wp-json\/wp\/v2\/pages\/1064"}],"collection":[{"href":"https:\/\/www.biosete.com.br\/site\/wp-json\/wp\/v2\/pages"}],"about":[{"href":"https:\/\/www.biosete.com.br\/site\/wp-json\/wp\/v2\/types\/page"}],"author":[{"embeddable":true,"href":"https:\/\/www.biosete.com.br\/site\/wp-json\/wp\/v2\/users\/1"}],"replies":[{"embeddable":true,"href":"https:\/\/www.biosete.com.br\/site\/wp-json\/wp\/v2\/comments?post=1064"}],"version-history":[{"count":18,"href":"https:\/\/www.biosete.com.br\/site\/wp-json\/wp\/v2\/pages\/1064\/revisions"}],"predecessor-version":[{"id":1188,"href":"https:\/\/www.biosete.com.br\/site\/wp-json\/wp\/v2\/pages\/1064\/revisions\/1188"}],"wp:attachment":[{"href":"https:\/\/www.biosete.com.br\/site\/wp-json\/wp\/v2\/media?parent=1064"}],"curies":[{"name":"wp","href":"https:\/\/api.w.org\/{rel}","templated":true}]}}